{"id":444,"date":"2023-06-08T11:18:50","date_gmt":"2023-06-08T09:18:50","guid":{"rendered":"https:\/\/pescaporta.com\/politica-de-privacitat\/"},"modified":"2023-06-22T16:27:06","modified_gmt":"2023-06-22T14:27:06","slug":"politica-de-privacitat","status":"publish","type":"page","link":"https:\/\/pescaporta.com\/ca\/politica-de-privacitat\/","title":{"rendered":"Pol\u00edtica de privacitat"},"content":{"rendered":"<h2 style=\"text-align:justify;\">1.- Informaci\u00f3 al Usuari<\/h2>\n<p style=\"text-align:justify;\">PESCAPORTA DISTRIBUCIONS, S.L. informa els usuaris del lloc web sobre la seva pol\u00edtica respecte al tractament i protecci\u00f3 de les dades de car\u00e0cter personal dels usuaris i clients.<\/p>\n<p style=\"text-align:justify;\">I garanteix en tot moment l&#8217;\u00edntegre i ple compliment de les obligacions disposades per la normativa de protecci\u00f3 de dades i serveis de la societat de la informaci\u00f3: Reglament (UE) 2016\/679 del Parlament Europeu i del Consell, de 27 d&#8217;abril de 2016, relatiu a la protecci\u00f3 de les persones f\u00edsiques pel que fa al tractament de dades personals i a la lliure circulaci\u00f3 d&#8217;aquestes dades (RGPD), la normativa Llei org\u00e0nica 3\/2018, de 5 de desembre, de Protecci\u00f3 de Dades Personals i garantia dels drets digitals (LOPDGDD) i la Llei 34\/2002, d&#8217;11 de juliol, de Serveis de la Societat de la Informaci\u00f3 i del Comer\u00e7 Electr\u00f2nic (LSSIce).<\/p>\n<p style=\"text-align:justify;\">\n<p style=\"text-align:justify;\">Responsable del Tractament:&nbsp;&nbsp;<\/p>\n<p style=\"text-align:justify;\">PESCAPORTA DISTRIBUCIONS, S.L.&nbsp;<\/p>\n<p style=\"text-align:justify;\">B55697551<\/p>\n<p style=\"text-align:justify;\">CTRA. TORRE DE L&#8217;ESPANYOL, POL. 17 \u2013 43792 Vinebre (Tarragona)<\/p>\n<p style=\"text-align:justify;\">Inscrit al Registre de XXXXXX, Tomo XXXXX, Foli XX, Full XXXXXXX, Inscripci\u00f3 X\u00aa, Data XXXXXX<\/p>\n<p style=\"text-align:justify;\">977 406 126<\/p>\n<p style=\"text-align:justify;\">info@pescaporta.com<\/p>\n<p style=\"text-align:justify;\">Finalitat del tractament de les seves dades: Les dades seran utilitzades per mantenir una relaci\u00f3 comercial amb l\u2019Usuari. Les operacions previstes per realitzar el tractament son:<\/p>\n<p style=\"text-align:justify;\">&#8211; Remissi\u00f3 de comunicacions comercials publicit\u00e0ries per e-mail, fax, SMS, MMS, xarxes socials o qualsevol altre mitj\u00e0 electr\u00f2nic o f\u00edsic, present o futur, que possibiliti realitzar comunicacions comercials. Aquestes comunicacions seran realitzades per El Responsable i relacionades amb els seus productes i serveis, o amb els dels seus col\u00b7laboradors o prove\u00efdors amb els quals aquest hagi arribat a algun acord de promoci\u00f3. En aquest cas, els tercers mai tindran acc\u00e9s a les dades personals.<\/p>\n<p style=\"text-align:justify;\">&#8211; Tramitar enc\u00e0rrecs de peticions o qualsevol tipus de petici\u00f3 que sigui realitzada per l&#8217;usuari a trav\u00e9s de qualsevol de les formes de contacte que es posen a la seva disposici\u00f3.<\/p>\n<p style=\"text-align:justify;\">&#8211; Remetre el butllet\u00ed de not\u00edcies de la p\u00e0gina web.<\/p>\n<p style=\"text-align:justify;\">Criteris de conservaci\u00f3 de les dades: Les dades personals de l&#8217;Usuari seran conservats mentre duri la relaci\u00f3 contractual i comercial, mentre no sol\u00b7licitis la seva supressi\u00f3, aix\u00ed com durant el temps necessari per a complir amb les obligacions legals pertinents.<\/p>\n<p style=\"text-align:justify;\">Legitimaci\u00f3: La base legal per al tractament de les dades personals est\u00e0 basada en el consentiment expr\u00e9s del propi interessat o si escau en l&#8217;execuci\u00f3 d&#8217;un contracte i\/o servei. En qualsevol moment es podr\u00e0 exercir el dret a retirar el consentiment sense que aix\u00f2 afecti la licitud del tractament basat en el consentiment previ a la seva retirada.<\/p>\n<p style=\"text-align:justify;\">Destinataris: Los datos personales del Usuario no ser\u00e1n cedidos a ning\u00fan tercero, a menos que resulte necesaria la intervenci\u00f3n de terceros para la prestaci\u00f3n del servicio contratado (por ejemplo, a entidades bancarias y\/o financieras propietarias de los medios de pago utilizados, etc.).<\/p>\n<p style=\"text-align:justify;\">Asimismo, para la mejora de tu experiencia como usuario de nuestra web, tus datos podr\u00e1n ser tratados por distintos proveedores de servicios (considerados como encargados de tratamiento) por cuenta del Responsable del Tratamiento.<\/p>\n<p style=\"text-align:justify;\">Adem\u00e1s, tus datos tambi\u00e9n podr\u00e1n ser cedidos a organismos y autoridades p\u00fablicas (administrativas o judiciales) en aquellos casos en los que una norma legal as\u00ed lo establezca.<\/p>\n<p style=\"text-align:justify;\">Drets: L&#8217;usuari t\u00e9 dret a:<\/p>\n<p style=\"text-align:justify;\">\u2022 Sol\u00b7licitar l&#8217;acc\u00e9s a les seves dades personals que s&#8217;estan tractant i rebre aquesta informaci\u00f3 per escrit pel mitj\u00e0 sol\u00b7licitat.<\/p>\n<p style=\"text-align:justify;\">\u2022 Sol\u00b7licitar la rectificaci\u00f3 de les dades personals inexactes o, si escau, sol\u00b7licitar la seva supressi\u00f3 quan, entre altres motius, les dades ja no siguin necessaris per a la finalitat pels quals van ser recollits.<\/p>\n<p style=\"text-align:justify;\">\u2022 Sol\u00b7licitar la limitaci\u00f3 del tractament de les seves dades.<\/p>\n<p style=\"text-align:justify;\">\u2022 Oposar-se al tractament de les seves dades personals quan escaigui, en aquest cas es deixaran de tractar les seves dades excepte per motius leg\u00edtims.<\/p>\n<p style=\"text-align:justify;\">\u2022 Dret a la portabilitat de les dades. L&#8217;interessat\/interessada t\u00e9 dret a rebre les dades personals si han estat facilitades en un format estructurat, d&#8217;\u00fas com\u00fa i de lectura mec\u00e0nica, i a transmetre-les a un altre responsable, si es compleixen els requisits seg\u00fcents:&nbsp;<\/p>\n<p style=\"text-align:justify;\">1. El tractament es basa en el consentiment o en un contracte.&nbsp;<\/p>\n<p style=\"text-align:justify;\">2. El tractament es fa per mitjans automatitzats.<\/p>\n<p style=\"text-align:justify;\">\u2022 Dret a retirar el consentiment prestat.<\/p>\n<p style=\"text-align:justify;\">\u2022 Dret a reclamar davant l&#8217;Ag\u00e8ncia Espanyola de Protecci\u00f3 de Dades.<\/p>\n<p style=\"text-align:justify;\">L&#8217;Usuari pot exercitar els drets anteriorment indicats a l&#8217;adre\u00e7a de correu postal o electr\u00f2nica del Responsable, acreditant la seva identitat amb una c\u00f2pia escanejada del seu DNI o document equivalent, i especificant el dret que desitja exercir.<\/p>\n<p style=\"text-align:justify;\">Proced\u00e8ncia de les dades: Les dades personals han de ser facilitades pel propi interessat de forma absolutament volunt\u00e0ria. La manca d\u2019algunes dades o la no resposta de preguntes que puguin formular-se a la persona interessada en els processos de registre o a trav\u00e9s de formularis electr\u00f2nics, pot provocar la impossibilitat d\u2019acc\u00e9s a determinats serveis per a la prestaci\u00f3 dels quals \u00e9s imprescindible de disposar d\u2019aquestes dades de car\u00e0cter personal. En aquest cas, el Responsable del Tractament ha d\u2019informar del car\u00e0cter obligatori o necessari de facilitar les dades personals per al funcionament del servei.<\/p>\n<p style=\"text-align:justify;\">El Responsable assegura la confidencialitat de les seves dades personals i garanteix la seguretat d&#8217;aquests, adoptant les mesures necess\u00e0ries per a evitar la seva alteraci\u00f3, p\u00e8rdua, tractament o acc\u00e9s no autoritzat.<\/p>\n<p style=\"text-align:justify;\">\n<h2 style=\"text-align:justify;\">2.- Informaci\u00f3 facilitada per l\u2019interessat\/interessada.<\/h2>\n<p style=\"text-align:justify;\">Els i les menors de 14 anys no poden cedir les seves dades personals sense el previ consentiment del seu pare\/mare&nbsp; i\/o tutors legals.<\/p>\n<p style=\"text-align:justify;\">L\u2019interessat\/interessada introduint les seves dades en els formularis de contacte o presentats en formularis de desc\u00e0rrega, accepten expressament i de forma lliure i inequ\u00edvoca que les seves dades s\u00f3n necess\u00e0ries perqu\u00e8 el Responsable atengui la seva petici\u00f3, i \u00e9s volunt\u00e0ria la inclusi\u00f3 de dades en els camps restants.<\/p>\n<p style=\"text-align:justify;\">L\u2019interessat\/interessada garanteix que les dades personals facilitades al prestador s\u00f3n veraces i es fa responsable de comunicar qualsevol modificaci\u00f3 d&#8217;aquestes.<\/p>\n<p style=\"text-align:justify;\">Totes les dades sol\u00b7licitades a trav\u00e9s del lloc web s\u00f3n necessaris per a la prestaci\u00f3 d&#8217;un servei \u00f2ptim a l\u2019interessat\/interessada. En cas que no siguin facilitades totes les dades, no es garanteix que la informaci\u00f3 i serveis que El responsable li faciliti, siguin completament ajustats a les seves necessitats.<\/p>\n<p style=\"text-align:justify;\">\n<h2 style=\"text-align:justify;\">3. Mesures de seguretat<\/h2>\n<p style=\"text-align:justify;\">Que de conformitat amb el que disposen les normatives vigents en mat\u00e8ria de protecci\u00f3 de dades personals, El Responsable est\u00e0 complint amb totes les disposicions de les normatives RGPD i LOPDGDD per al tractament de les dades personals de la seva responsabilitat, i manifestament amb els principis descrits en l&#8217;article 5 del RGPD i en l&#8217;article 4 de la LOPDGDD, pels quals s\u00f3n tractats de manera l\u00edcita, lleial i transparent en relaci\u00f3 amb l&#8217;interessat i adequades, pertinents i limitats al que \u00e9s necessari en relaci\u00f3 amb els fins per als quals s\u00f3n tractats.<\/p>\n<p style=\"text-align:justify;\">El responsable garanteix que ha implementat pol\u00edtiques t\u00e8cniques i organitzatives apropiades per aplicar les mesures de seguretat que estableixen el RGPD i la LOPDGDD per tal de protegir els drets i llibertats de l\u2019interessat\/interessada els ha comunicat la informaci\u00f3 adequada perqu\u00e8 puguin exercir-los.<\/p>\n<p style=\"text-align:justify;\">\n<h2 style=\"text-align:justify;\">4. Bretxes de Seguretat&nbsp;<\/h2>\n<p style=\"text-align:justify;\">El Responsable informar\u00e0 sobre qualsevol bretxa de seguretat que afecti la base de dades que utilitza aquest lloc web, o que afecti a qualsevol dels nostres serveis de tercers, a totes i cadascuna de les persones, dades dels quals puguin haver estat afectades, i autoritats, dins de les 72 hores seg\u00fcents a la detecci\u00f3 de la bretxa.<\/p>\n<p style=\"text-align:justify;\">\n<h2 style=\"text-align:justify;\">LEGISLACI\u00d3 APLICABLE I JURISDICCI\u00d3<\/h2>\n<p style=\"text-align:justify;\">Per a la resoluci\u00f3 de totes les controv\u00e8rsies o q\u00fcestions relacionades amb el present lloc web o de les activitats en ell desenvolupades, ser\u00e0 d&#8217;aplicaci\u00f3 la legislaci\u00f3 espanyola, a la qual se sotmeten expressament les parts, sent competents per a la resoluci\u00f3 de tots els conflictes derivats o relacionats amb el seu \u00fas els Jutjats i Tribunals de Tarragona.&nbsp;<\/p>\n<p style=\"text-align:justify;\">\n<p>&nbsp;<\/p>\n","protected":false},"excerpt":{"rendered":"<p>1.- Informaci\u00f3 al Usuari PESCAPORTA DISTRIBUCIONS, S.L. informa els usuaris del lloc web sobre la seva pol\u00edtica respecte al tractament i protecci\u00f3 de les dades de car\u00e0cter personal dels usuaris i clients. I garanteix en tot moment l&#8217;\u00edntegre i ple compliment de les obligacions disposades per la normativa de protecci\u00f3 de dades i serveis de [&hellip;]<\/p>\n","protected":false},"author":1,"featured_media":0,"parent":0,"menu_order":0,"comment_status":"closed","ping_status":"closed","template":"","meta":{"_et_pb_use_builder":"","_et_pb_old_content":"","_et_gb_content_width":"","footnotes":""},"class_list":["post-444","page","type-page","status-publish","hentry"],"yoast_head":"<!-- This site is optimized with the Yoast SEO plugin v27.5 - https:\/\/yoast.com\/product\/yoast-seo-wordpress\/ -->\n<title>Pol\u00edtica de privacitat - Pescaporta<\/title>\n<meta name=\"robots\" content=\"index, follow, max-snippet:-1, max-image-preview:large, max-video-preview:-1\" \/>\n<link rel=\"canonical\" href=\"https:\/\/pescaporta.com\/ca\/politica-de-privacitat\/\" \/>\n<meta property=\"og:locale\" content=\"ca_ES\" \/>\n<meta property=\"og:type\" content=\"article\" \/>\n<meta property=\"og:title\" content=\"Pol\u00edtica de privacitat - Pescaporta\" \/>\n<meta property=\"og:description\" content=\"1.- Informaci\u00f3 al Usuari PESCAPORTA DISTRIBUCIONS, S.L. informa els usuaris del lloc web sobre la seva pol\u00edtica respecte al tractament i protecci\u00f3 de les dades de car\u00e0cter personal dels usuaris i clients. I garanteix en tot moment l&#8217;\u00edntegre i ple compliment de les obligacions disposades per la normativa de protecci\u00f3 de dades i serveis de [&hellip;]\" \/>\n<meta property=\"og:url\" content=\"https:\/\/pescaporta.com\/ca\/politica-de-privacitat\/\" \/>\n<meta property=\"og:site_name\" content=\"Pescaporta\" \/>\n<meta property=\"article:modified_time\" content=\"2023-06-22T14:27:06+00:00\" \/>\n<meta name=\"twitter:card\" content=\"summary_large_image\" \/>\n<meta name=\"twitter:label1\" content=\"Temps estimat de lectura\" \/>\n\t<meta name=\"twitter:data1\" content=\"6 minuts\" \/>\n<script type=\"application\/ld+json\" class=\"yoast-schema-graph\">{\"@context\":\"https:\\\/\\\/schema.org\",\"@graph\":[{\"@type\":\"WebPage\",\"@id\":\"https:\\\/\\\/pescaporta.com\\\/ca\\\/politica-de-privacitat\\\/\",\"url\":\"https:\\\/\\\/pescaporta.com\\\/ca\\\/politica-de-privacitat\\\/\",\"name\":\"Pol\u00edtica de privacitat - Pescaporta\",\"isPartOf\":{\"@id\":\"https:\\\/\\\/pescaporta.com\\\/ca\\\/#website\"},\"datePublished\":\"2023-06-08T09:18:50+00:00\",\"dateModified\":\"2023-06-22T14:27:06+00:00\",\"breadcrumb\":{\"@id\":\"https:\\\/\\\/pescaporta.com\\\/ca\\\/politica-de-privacitat\\\/#breadcrumb\"},\"inLanguage\":\"ca\",\"potentialAction\":[{\"@type\":\"ReadAction\",\"target\":[\"https:\\\/\\\/pescaporta.com\\\/ca\\\/politica-de-privacitat\\\/\"]}]},{\"@type\":\"BreadcrumbList\",\"@id\":\"https:\\\/\\\/pescaporta.com\\\/ca\\\/politica-de-privacitat\\\/#breadcrumb\",\"itemListElement\":[{\"@type\":\"ListItem\",\"position\":1,\"name\":\"Portada\",\"item\":\"https:\\\/\\\/pescaporta.com\\\/ca\\\/\"},{\"@type\":\"ListItem\",\"position\":2,\"name\":\"Pol\u00edtica de privacitat\"}]},{\"@type\":\"WebSite\",\"@id\":\"https:\\\/\\\/pescaporta.com\\\/ca\\\/#website\",\"url\":\"https:\\\/\\\/pescaporta.com\\\/ca\\\/\",\"name\":\"Pescaporta\",\"description\":\"\",\"publisher\":{\"@id\":\"https:\\\/\\\/pescaporta.com\\\/ca\\\/#organization\"},\"potentialAction\":[{\"@type\":\"SearchAction\",\"target\":{\"@type\":\"EntryPoint\",\"urlTemplate\":\"https:\\\/\\\/pescaporta.com\\\/ca\\\/?s={search_term_string}\"},\"query-input\":{\"@type\":\"PropertyValueSpecification\",\"valueRequired\":true,\"valueName\":\"search_term_string\"}}],\"inLanguage\":\"ca\"},{\"@type\":\"Organization\",\"@id\":\"https:\\\/\\\/pescaporta.com\\\/ca\\\/#organization\",\"name\":\"Pescaporta\",\"url\":\"https:\\\/\\\/pescaporta.com\\\/ca\\\/\",\"logo\":{\"@type\":\"ImageObject\",\"inLanguage\":\"ca\",\"@id\":\"https:\\\/\\\/pescaporta.com\\\/ca\\\/#\\\/schema\\\/logo\\\/image\\\/\",\"url\":\"https:\\\/\\\/pescaporta.com\\\/wp-content\\\/uploads\\\/2023\\\/06\\\/logo-footer.png\",\"contentUrl\":\"https:\\\/\\\/pescaporta.com\\\/wp-content\\\/uploads\\\/2023\\\/06\\\/logo-footer.png\",\"width\":172,\"height\":171,\"caption\":\"Pescaporta\"},\"image\":{\"@id\":\"https:\\\/\\\/pescaporta.com\\\/ca\\\/#\\\/schema\\\/logo\\\/image\\\/\"}}]}<\/script>\n<!-- \/ Yoast SEO plugin. -->","yoast_head_json":{"title":"Pol\u00edtica de privacitat - Pescaporta","robots":{"index":"index","follow":"follow","max-snippet":"max-snippet:-1","max-image-preview":"max-image-preview:large","max-video-preview":"max-video-preview:-1"},"canonical":"https:\/\/pescaporta.com\/ca\/politica-de-privacitat\/","og_locale":"ca_ES","og_type":"article","og_title":"Pol\u00edtica de privacitat - Pescaporta","og_description":"1.- Informaci\u00f3 al Usuari PESCAPORTA DISTRIBUCIONS, S.L. informa els usuaris del lloc web sobre la seva pol\u00edtica respecte al tractament i protecci\u00f3 de les dades de car\u00e0cter personal dels usuaris i clients. I garanteix en tot moment l&#8217;\u00edntegre i ple compliment de les obligacions disposades per la normativa de protecci\u00f3 de dades i serveis de [&hellip;]","og_url":"https:\/\/pescaporta.com\/ca\/politica-de-privacitat\/","og_site_name":"Pescaporta","article_modified_time":"2023-06-22T14:27:06+00:00","twitter_card":"summary_large_image","twitter_misc":{"Temps estimat de lectura":"6 minuts"},"schema":{"@context":"https:\/\/schema.org","@graph":[{"@type":"WebPage","@id":"https:\/\/pescaporta.com\/ca\/politica-de-privacitat\/","url":"https:\/\/pescaporta.com\/ca\/politica-de-privacitat\/","name":"Pol\u00edtica de privacitat - Pescaporta","isPartOf":{"@id":"https:\/\/pescaporta.com\/ca\/#website"},"datePublished":"2023-06-08T09:18:50+00:00","dateModified":"2023-06-22T14:27:06+00:00","breadcrumb":{"@id":"https:\/\/pescaporta.com\/ca\/politica-de-privacitat\/#breadcrumb"},"inLanguage":"ca","potentialAction":[{"@type":"ReadAction","target":["https:\/\/pescaporta.com\/ca\/politica-de-privacitat\/"]}]},{"@type":"BreadcrumbList","@id":"https:\/\/pescaporta.com\/ca\/politica-de-privacitat\/#breadcrumb","itemListElement":[{"@type":"ListItem","position":1,"name":"Portada","item":"https:\/\/pescaporta.com\/ca\/"},{"@type":"ListItem","position":2,"name":"Pol\u00edtica de privacitat"}]},{"@type":"WebSite","@id":"https:\/\/pescaporta.com\/ca\/#website","url":"https:\/\/pescaporta.com\/ca\/","name":"Pescaporta","description":"","publisher":{"@id":"https:\/\/pescaporta.com\/ca\/#organization"},"potentialAction":[{"@type":"SearchAction","target":{"@type":"EntryPoint","urlTemplate":"https:\/\/pescaporta.com\/ca\/?s={search_term_string}"},"query-input":{"@type":"PropertyValueSpecification","valueRequired":true,"valueName":"search_term_string"}}],"inLanguage":"ca"},{"@type":"Organization","@id":"https:\/\/pescaporta.com\/ca\/#organization","name":"Pescaporta","url":"https:\/\/pescaporta.com\/ca\/","logo":{"@type":"ImageObject","inLanguage":"ca","@id":"https:\/\/pescaporta.com\/ca\/#\/schema\/logo\/image\/","url":"https:\/\/pescaporta.com\/wp-content\/uploads\/2023\/06\/logo-footer.png","contentUrl":"https:\/\/pescaporta.com\/wp-content\/uploads\/2023\/06\/logo-footer.png","width":172,"height":171,"caption":"Pescaporta"},"image":{"@id":"https:\/\/pescaporta.com\/ca\/#\/schema\/logo\/image\/"}}]}},"_links":{"self":[{"href":"https:\/\/pescaporta.com\/ca\/wp-json\/wp\/v2\/pages\/444","targetHints":{"allow":["GET"]}}],"collection":[{"href":"https:\/\/pescaporta.com\/ca\/wp-json\/wp\/v2\/pages"}],"about":[{"href":"https:\/\/pescaporta.com\/ca\/wp-json\/wp\/v2\/types\/page"}],"author":[{"embeddable":true,"href":"https:\/\/pescaporta.com\/ca\/wp-json\/wp\/v2\/users\/1"}],"replies":[{"embeddable":true,"href":"https:\/\/pescaporta.com\/ca\/wp-json\/wp\/v2\/comments?post=444"}],"version-history":[{"count":5,"href":"https:\/\/pescaporta.com\/ca\/wp-json\/wp\/v2\/pages\/444\/revisions"}],"predecessor-version":[{"id":449,"href":"https:\/\/pescaporta.com\/ca\/wp-json\/wp\/v2\/pages\/444\/revisions\/449"}],"wp:attachment":[{"href":"https:\/\/pescaporta.com\/ca\/wp-json\/wp\/v2\/media?parent=444"}],"curies":[{"name":"wp","href":"https:\/\/api.w.org\/{rel}","templated":true}]}}