{"id":641,"date":"2023-06-26T11:56:44","date_gmt":"2023-06-26T09:56:44","guid":{"rendered":"https:\/\/pescaporta.com\/conserves\/"},"modified":"2023-06-27T08:08:49","modified_gmt":"2023-06-27T06:08:49","slug":"conserves","status":"publish","type":"page","link":"https:\/\/pescaporta.com\/ca\/productes\/conserves\/","title":{"rendered":"Conserves"},"content":{"rendered":"<p>[et_pb_section fb_built=&#8221;1&#8243; _builder_version=&#8221;4.21.0&#8243; _module_preset=&#8221;default&#8221; background_color=&#8221;rgba(0,16,102,0.1)&#8221; global_colors_info=&#8221;{}&#8221;][et_pb_row _builder_version=&#8221;4.21.0&#8243; _module_preset=&#8221;default&#8221; global_colors_info=&#8221;{}&#8221;][et_pb_column type=&#8221;4_4&#8243; _builder_version=&#8221;4.21.0&#8243; _module_preset=&#8221;default&#8221; global_colors_info=&#8221;{}&#8221;][et_pb_text _builder_version=&#8221;4.21.0&#8243; _dynamic_attributes=&#8221;content&#8221; _module_preset=&#8221;default&#8221; header_text_align=&#8221;center&#8221; custom_margin=&#8221;||20px||false|false&#8221; global_colors_info=&#8221;{}&#8221;]@ET-DC@eyJkeW5hbWljIjp0cnVlLCJjb250ZW50IjoicG9zdF90aXRsZSIsInNldHRpbmdzIjp7ImJlZm9yZSI6IjxoMT4iLCJhZnRlciI6IjxcL2gxPiJ9fQ==@[\/et_pb_text][et_pb_text _builder_version=&#8221;4.21.0&#8243; _module_preset=&#8221;default&#8221; text_orientation=&#8221;center&#8221; max_width=&#8221;950px&#8221; module_alignment=&#8221;center&#8221; global_colors_info=&#8221;{}&#8221;]Les conserves de peix s\u00f3n tot un cl\u00e0ssic de la gastronomia mediterr\u00e0nia: musclos, clo\u00efsses, escopinyes, navalles, tonyina, anxoves, bon\u00edtol, arengada, cavalla, sardines&#8230; En escabetx, en oli d\u2019oliva o al natural s\u00f3n una bona manera de consumir peix i beneficiar-nos dels nutrients que ens aporten.[\/et_pb_text][\/et_pb_column][\/et_pb_row][et_pb_row column_structure=&#8221;1_3,1_3,1_3&#8243; use_custom_gutter=&#8221;on&#8221; gutter_width=&#8221;2&#8243; make_equal=&#8221;on&#8221; _builder_version=&#8221;4.21.0&#8243; _module_preset=&#8221;default&#8221; custom_padding=&#8221;20px||||false|false&#8221; global_colors_info=&#8221;{}&#8221;][et_pb_column type=&#8221;1_3&#8243; _builder_version=&#8221;4.21.0&#8243; _module_preset=&#8221;default&#8221; global_colors_info=&#8221;{}&#8221;][et_pb_image src=&#8221;https:\/\/pescaporta.com\/wp-content\/uploads\/2023\/06\/conservas_0000s_0000_conservas1.jpg&#8221; title_text=&#8221;conservas_0000s_0000_conservas1&#8243; align=&#8221;center&#8221; _builder_version=&#8221;4.21.0&#8243; _module_preset=&#8221;default&#8221; hover_enabled=&#8221;0&#8243; global_colors_info=&#8221;{}&#8221; sticky_enabled=&#8221;0&#8243;][\/et_pb_image][\/et_pb_column][et_pb_column type=&#8221;1_3&#8243; _builder_version=&#8221;4.21.0&#8243; _module_preset=&#8221;default&#8221; global_colors_info=&#8221;{}&#8221;][et_pb_image src=&#8221;https:\/\/pescaporta.com\/wp-content\/uploads\/2023\/06\/conservas_0000s_0002_340936241_924133498708675_6690764953187900287_n.jpg&#8221; title_text=&#8221;conservas_0000s_0002_340936241_924133498708675_6690764953187900287_n&#8221; align=&#8221;center&#8221; _builder_version=&#8221;4.21.0&#8243; _module_preset=&#8221;default&#8221; hover_enabled=&#8221;0&#8243; global_colors_info=&#8221;{}&#8221; sticky_enabled=&#8221;0&#8243;][\/et_pb_image][\/et_pb_column][et_pb_column type=&#8221;1_3&#8243; _builder_version=&#8221;4.21.0&#8243; _module_preset=&#8221;default&#8221; global_colors_info=&#8221;{}&#8221;][et_pb_image src=&#8221;https:\/\/pescaporta.com\/wp-content\/uploads\/2023\/06\/conservas_0000s_0001_341048364_1851109218599982_3877969516404485042_n.jpg&#8221; title_text=&#8221;conservas_0000s_0001_341048364_1851109218599982_3877969516404485042_n&#8221; align=&#8221;center&#8221; _builder_version=&#8221;4.21.0&#8243; _module_preset=&#8221;default&#8221; hover_enabled=&#8221;0&#8243; global_colors_info=&#8221;{}&#8221; sticky_enabled=&#8221;0&#8243;][\/et_pb_image][\/et_pb_column][\/et_pb_row][et_pb_row _builder_version=&#8221;4.21.0&#8243; _module_preset=&#8221;default&#8221; custom_padding=&#8221;20px||||false|false&#8221; global_colors_info=&#8221;{}&#8221;][et_pb_column type=&#8221;4_4&#8243; _builder_version=&#8221;4.21.0&#8243; _module_preset=&#8221;default&#8221; global_colors_info=&#8221;{}&#8221;][et_pb_button button_url=&#8221;https:\/\/shop.pescaporta.com\/ca\/3-peix-fresc-&#8221; button_text=&#8221;Comprar conserves online&#8221; disabled_on=&#8221;on|on|on&#8221; _builder_version=&#8221;4.21.0&#8243; _module_preset=&#8221;9b967ee2-d9f8-4364-a5bd-063a6e32cc0e&#8221; disabled=&#8221;on&#8221; global_colors_info=&#8221;{}&#8221;][\/et_pb_button][\/et_pb_column][\/et_pb_row][\/et_pb_section][et_pb_section fb_built=&#8221;1&#8243; _builder_version=&#8221;4.21.0&#8243; _module_preset=&#8221;default&#8221; custom_padding=&#8221;0px||0px||false|false&#8221; global_colors_info=&#8221;{}&#8221;][et_pb_row column_structure=&#8221;1_2,1_2&#8243; use_custom_gutter=&#8221;on&#8221; gutter_width=&#8221;1&#8243; make_equal=&#8221;on&#8221; module_class=&#8221;col-full-text-left&#8221; _builder_version=&#8221;4.21.0&#8243; _module_preset=&#8221;default&#8221; width=&#8221;100%&#8221; max_width=&#8221;100%&#8221; custom_padding=&#8221;0px||0px||false|false&#8221; hover_enabled=&#8221;0&#8243; global_colors_info=&#8221;{}&#8221; sticky_enabled=&#8221;0&#8243;][et_pb_column type=&#8221;1_2&#8243; _builder_version=&#8221;4.21.0&#8243; _module_preset=&#8221;default&#8221; custom_padding=&#8221;100px|38px|100px||false|false&#8221; custom_padding_tablet=&#8221;80px|0px|60px||false|false&#8221; custom_padding_phone=&#8221;70px||40px||false|false&#8221; custom_padding_last_edited=&#8221;on|phone&#8221; global_colors_info=&#8221;{}&#8221;][et_pb_text _builder_version=&#8221;4.21.0&#8243; _module_preset=&#8221;default&#8221; max_width_tablet=&#8221;80%&#8221; max_width_phone=&#8221;80%&#8221; max_width_last_edited=&#8221;on|tablet&#8221; module_alignment=&#8221;center&#8221; custom_margin=&#8221;||20px||false|false&#8221; global_colors_info=&#8221;{}&#8221;]<\/p>\n<h2 class=\"h1\">Conserves de peix i marisc<\/h2>\n<p>[\/et_pb_text][et_pb_text _builder_version=&#8221;4.21.0&#8243; _module_preset=&#8221;default&#8221; max_width_tablet=&#8221;80%&#8221; max_width_phone=&#8221;80%&#8221; max_width_last_edited=&#8221;on|tablet&#8221; module_alignment=&#8221;center&#8221; global_colors_info=&#8221;{}&#8221;]<\/p>\n<p class=\"p16\">Les <strong>conserves de peix<\/strong> s\u00f3n un gran encert a la cuina perqu\u00e8 no necessiten refrigeraci\u00f3, s\u00f3n r\u00e0pides i f\u00e0cils de preparar. A m\u00e9s, les conserves m\u00e9s gurmet s\u00f3n baixes en calories i aporten un alt valor nutritiu, com ara \u00e0cids grassos omega-3,  greixos cardiosaludables que ajuden a regular el colesterol.<\/p>\n<p class=\"p16\">El gran avantatge dels productes en conserva \u00e9s que tenen una data de caducitat molt longeva i que en podem consumir durant tot l\u2019any, sense estar pendents de les temporades en qu\u00e8 els peixos estan disponibles.<\/p>\n<p class=\"p16\">A Pescaporta disposem de crustacis, mol\u00b7luscos i peixos amb l&#8217;aut\u00e8ntic sabor del mar envasats en llauna o en vidre. T\u2019oferim conserves de peix i marisc gurmet perqu\u00e8 pugueu gaudir de productes de qualitat i de proximitat per a elaborar els teus millors men\u00fas i aperitius.<\/p>\n<p class=\"p16\">Distribu\u00efm marques que disposen d&#8217;una \u00e0mplia i variada selecci\u00f3 de conserves de peix i marisc per a sorprendre els paladars m\u00e9s exigents. <em>Delicatessen<\/em> en conserva que tenen com a premissa seleccionar la millor mat\u00e8ria primera, capturada en el lloc i en el moment \u00f2ptims.<\/p>\n<p class=\"p16\">Treballem amb prove\u00efdors que elaboren curosament aliments en conserva embalats a m\u00e0, com ara <strong>Felisa<\/strong>, una empresa que mant\u00e9 la tradici\u00f3 conservera de les \u00e0vies de Barbate (Cadis) de la m\u00e0 de la modernitat de les filles i netes, perqu\u00e8 t\u2019emportes a casa el sabor de les dones del mar.<\/p>\n<p>[\/et_pb_text][\/et_pb_column][et_pb_column type=&#8221;1_2&#8243; _builder_version=&#8221;4.21.0&#8243; _module_preset=&#8221;default&#8221; background_image=&#8221;https:\/\/pescaporta.com\/wp-content\/uploads\/2023\/06\/conservas-4.jpg&#8221; hover_enabled=&#8221;0&#8243; global_colors_info=&#8221;{}&#8221; title_text=&#8221;conservas-4&#8243; sticky_enabled=&#8221;0&#8243;][et_pb_image src=&#8221;https:\/\/pescaporta.com\/wp-content\/uploads\/2023\/06\/conservas-4.jpg&#8221; title_text=&#8221;conservas-4&#8243; align=&#8221;center&#8221; disabled_on=&#8221;off|off|on&#8221; _builder_version=&#8221;4.21.0&#8243; _module_preset=&#8221;default&#8221; hover_enabled=&#8221;0&#8243; global_colors_info=&#8221;{}&#8221; sticky_enabled=&#8221;0&#8243;][\/et_pb_image][\/et_pb_column][\/et_pb_row][\/et_pb_section][et_pb_section fb_built=&#8221;1&#8243; custom_padding_last_edited=&#8221;on|phone&#8221; _builder_version=&#8221;4.21.0&#8243; _module_preset=&#8221;default&#8221; background_color=&#8221;rgba(0,16,102,0.1)&#8221; custom_padding=&#8221;66px||66px||true|false&#8221; custom_padding_tablet=&#8221;46px||46px||true|false&#8221; custom_padding_phone=&#8221;36px||36px||true|false&#8221; global_colors_info=&#8221;{}&#8221;][et_pb_row _builder_version=&#8221;4.21.0&#8243; _module_preset=&#8221;default&#8221; custom_padding=&#8221;||0px||false|false&#8221; global_colors_info=&#8221;{}&#8221;][et_pb_column type=&#8221;4_4&#8243; _builder_version=&#8221;4.21.0&#8243; _module_preset=&#8221;default&#8221; global_colors_info=&#8221;{}&#8221;][et_pb_text _builder_version=&#8221;4.21.0&#8243; _module_preset=&#8221;default&#8221; header_2_text_align=&#8221;center&#8221; custom_margin=&#8221;||20px||false|false&#8221; global_colors_info=&#8221;{}&#8221;]<\/p>\n<h2 class=\"h1\">Servei a domicili<\/h2>\n<p>[\/et_pb_text][et_pb_text _builder_version=&#8221;4.21.0&#8243; _module_preset=&#8221;default&#8221; text_orientation=&#8221;center&#8221; max_width=&#8221;990px&#8221; module_alignment=&#8221;center&#8221; global_colors_info=&#8221;{}&#8221;]<\/p>\n<p>Et portem els millors productes a casa o a la feina. Demana conserves de peix en l\u00ednia i estalvia\u2019t esperes i despla\u00e7aments. Fes la comanda i rebr\u00e0s l\u2019enc\u00e0rrec en menys de 48 hores! Gaudeix del millor del mar en conserva!<\/p>\n<p>[\/et_pb_text][et_pb_code _builder_version=&#8221;4.21.0&#8243; _module_preset=&#8221;default&#8221; hover_enabled=&#8221;0&#8243; global_colors_info=&#8221;{}&#8221; sticky_enabled=&#8221;0&#8243;]<\/p>\n<div class=\"an_advantages-list\"><!-- [et_pb_line_break_holder] -->\t<\/p>\n<div class=\"an_advantages-item\"><!-- [et_pb_line_break_holder] -->  \t<\/p>\n<div class=\"an_advantages-item-img\"><!-- [et_pb_line_break_holder] -->    \t<img decoding=\"async\" src=\"\/tienda\/modules\/an_advantages\/img\/78b96729774220c699a4f01bc9b51faf.png\" width=\"auto\" height=\"auto\" alt=\"Env\u00edo gratuito\"><!-- [et_pb_line_break_holder] -->    <\/div>\n<p><!-- [et_pb_line_break_holder] -->    <\/p>\n<div class=\"an_advantages-item-desc\"><!-- [et_pb_line_break_holder] -->    \t<pee class=\"an_advantages-item-title h5\">Enviament gratu\u00eft<\/pee><!-- [et_pb_line_break_holder] -->      <pee>a partir de 70 \u20ac<\/pee><!-- [et_pb_line_break_holder] -->    <\/div>\n<p><!-- [et_pb_line_break_holder] -->  <\/div>\n<p><!-- [et_pb_line_break_holder] -->  <\/p>\n<div class=\"an_advantages-item\"><!-- [et_pb_line_break_holder] -->\t\t<\/p>\n<div class=\"an_advantages-item-img\"><!-- [et_pb_line_break_holder] -->    \t<img decoding=\"async\" src=\"\/tienda\/modules\/an_advantages\/img\/ab0660318da80ff7fb1fb2ddf9e32a04.png\" width=\"auto\" height=\"auto\" alt=\"Encargos en menos de 48 horas \"><!-- [et_pb_line_break_holder] -->    <\/div>\n<p><!-- [et_pb_line_break_holder] -->    <\/p>\n<div class=\"an_advantages-item-desc\"><!-- [et_pb_line_break_holder] -->    \t<pee class=\"an_advantages-item-title h5\">Enc\u00e0rrecs en menys de 48 hores<\/pee><!-- [et_pb_line_break_holder] -->    <\/div>\n<p><!-- [et_pb_line_break_holder] -->  <\/div>\n<div class=\"an_advantages-item\"><!-- [et_pb_line_break_holder] -->  \t<\/p>\n<div class=\"an_advantages-item-img\"><!-- [et_pb_line_break_holder] -->    \t<img decoding=\"async\" src=\"\/tienda\/modules\/an_advantages\/img\/4f86edc062135dde429f611538def0b3.png\" width=\"auto\" height=\"auto\" alt=\"Custodia de fr\u00edo\"><!-- [et_pb_line_break_holder] -->    <\/div>\n<p><!-- [et_pb_line_break_holder] -->    <\/p>\n<div class=\"an_advantages-item-desc\"><!-- [et_pb_line_break_holder] -->    \t<pee class=\"an_advantages-item-title h5\">Cust\u00f2dia de fred<\/pee><!-- [et_pb_line_break_holder] -->      <pee>Enviament refrigerat<\/pee><!-- [et_pb_line_break_holder] -->    <\/div>\n<p><!-- [et_pb_line_break_holder] -->  <\/div>\n<p><!-- [et_pb_line_break_holder] -->  <\/p>\n<div class=\"an_advantages-item\"><!-- [et_pb_line_break_holder] -->  \t<\/p>\n<div class=\"an_advantages-item-img\"><!-- [et_pb_line_break_holder] -->      <img decoding=\"async\" src=\"\/tienda\/modules\/an_advantages\/img\/9caff2aba95a5343599cc908e98ab036.png\" width=\"auto\" height=\"auto\" alt=\"M\u00e1xima calidad\"><!-- [et_pb_line_break_holder] -->    <\/div>\n<p><!-- [et_pb_line_break_holder] -->    <\/p>\n<div class=\"an_advantages-item-desc\"><!-- [et_pb_line_break_holder] -->    \t<pee class=\"an_advantages-item-title h5\">M\u00e0xima qualitat<\/pee><!-- [et_pb_line_break_holder] -->      <pee>El millor g\u00e8nere<\/pee><!-- [et_pb_line_break_holder] -->    <\/div>\n<p><!-- [et_pb_line_break_holder] -->  <\/div>\n<p><!-- [et_pb_line_break_holder] -->  <\/p>\n<div class=\"an_advantages-item\"><!-- [et_pb_line_break_holder] -->  \t<\/p>\n<div class=\"an_advantages-item-img\"><!-- [et_pb_line_break_holder] -->    \t<img decoding=\"async\" src=\"\/tienda\/modules\/an_advantages\/img\/9d933717170956245527b8705f2327b4.png\" width=\"auto\" height=\"auto\" alt=\"Pescado limpio y envasado a tu gusto\"><!-- [et_pb_line_break_holder] -->    <\/div>\n<p><!-- [et_pb_line_break_holder] -->    <\/p>\n<div class=\"an_advantages-item-desc\"><!-- [et_pb_line_break_holder] -->    \t<pee class=\"an_advantages-item-title h5\">Peix net i envasat al teu gust!<\/pee><!-- [et_pb_line_break_holder] -->    <\/div>\n<p><!-- [et_pb_line_break_holder] -->  <\/div>\n<p><!-- [et_pb_line_break_holder] --><\/div>\n<p>[\/et_pb_code][\/et_pb_column][\/et_pb_row][\/et_pb_section]<\/p>\n","protected":false},"excerpt":{"rendered":"<p>Les conserves de peix s\u00f3n tot un cl\u00e0ssic de la gastronomia mediterr\u00e0nia: musclos, clo\u00efsses, escopinyes, navalles, tonyina, anxoves, bon\u00edtol, arengada, cavalla, sardines&#8230; En escabetx, en oli d\u2019oliva o al natural s\u00f3n una bona manera de consumir peix i beneficiar-nos dels nutrients que ens aporten.Conserves de peix i mariscLes conserves de peix s\u00f3n un gran encert [&hellip;]<\/p>\n","protected":false},"author":1,"featured_media":0,"parent":662,"menu_order":0,"comment_status":"closed","ping_status":"closed","template":"","meta":{"_et_pb_use_builder":"on","_et_pb_old_content":"","_et_gb_content_width":"","footnotes":""},"class_list":["post-641","page","type-page","status-publish","hentry"],"yoast_head":"<!-- This site is optimized with the Yoast SEO plugin v27.5 - https:\/\/yoast.com\/product\/yoast-seo-wordpress\/ -->\n<title>Conserves - Pescaporta<\/title>\n<meta name=\"robots\" content=\"index, follow, max-snippet:-1, max-image-preview:large, max-video-preview:-1\" \/>\n<link rel=\"canonical\" href=\"https:\/\/pescaporta.com\/ca\/productes\/conserves\/\" \/>\n<meta property=\"og:locale\" content=\"ca_ES\" \/>\n<meta property=\"og:type\" content=\"article\" \/>\n<meta property=\"og:title\" content=\"Conserves - Pescaporta\" \/>\n<meta property=\"og:description\" content=\"Les conserves de peix s\u00f3n tot un cl\u00e0ssic de la gastronomia mediterr\u00e0nia: musclos, clo\u00efsses, escopinyes, navalles, tonyina, anxoves, bon\u00edtol, arengada, cavalla, sardines... En escabetx, en oli d\u2019oliva o al natural s\u00f3n una bona manera de consumir peix i beneficiar-nos dels nutrients que ens aporten.Conserves de peix i mariscLes conserves de peix s\u00f3n un gran encert [&hellip;]\" \/>\n<meta property=\"og:url\" content=\"https:\/\/pescaporta.com\/ca\/productes\/conserves\/\" \/>\n<meta property=\"og:site_name\" content=\"Pescaporta\" \/>\n<meta property=\"article:modified_time\" content=\"2023-06-27T06:08:49+00:00\" \/>\n<meta name=\"twitter:card\" content=\"summary_large_image\" \/>\n<meta name=\"twitter:label1\" content=\"Temps estimat de lectura\" \/>\n\t<meta name=\"twitter:data1\" content=\"6 minuts\" \/>\n<script type=\"application\/ld+json\" class=\"yoast-schema-graph\">{\"@context\":\"https:\\\/\\\/schema.org\",\"@graph\":[{\"@type\":\"WebPage\",\"@id\":\"https:\\\/\\\/pescaporta.com\\\/ca\\\/productes\\\/conserves\\\/\",\"url\":\"https:\\\/\\\/pescaporta.com\\\/ca\\\/productes\\\/conserves\\\/\",\"name\":\"Conserves - Pescaporta\",\"isPartOf\":{\"@id\":\"https:\\\/\\\/pescaporta.com\\\/ca\\\/#website\"},\"datePublished\":\"2023-06-26T09:56:44+00:00\",\"dateModified\":\"2023-06-27T06:08:49+00:00\",\"breadcrumb\":{\"@id\":\"https:\\\/\\\/pescaporta.com\\\/ca\\\/productes\\\/conserves\\\/#breadcrumb\"},\"inLanguage\":\"ca\",\"potentialAction\":[{\"@type\":\"ReadAction\",\"target\":[\"https:\\\/\\\/pescaporta.com\\\/ca\\\/productes\\\/conserves\\\/\"]}]},{\"@type\":\"BreadcrumbList\",\"@id\":\"https:\\\/\\\/pescaporta.com\\\/ca\\\/productes\\\/conserves\\\/#breadcrumb\",\"itemListElement\":[{\"@type\":\"ListItem\",\"position\":1,\"name\":\"Portada\",\"item\":\"https:\\\/\\\/pescaporta.com\\\/ca\\\/\"},{\"@type\":\"ListItem\",\"position\":2,\"name\":\"Productes\",\"item\":\"https:\\\/\\\/pescaporta.com\\\/ca\\\/productes\\\/\"},{\"@type\":\"ListItem\",\"position\":3,\"name\":\"Conserves\"}]},{\"@type\":\"WebSite\",\"@id\":\"https:\\\/\\\/pescaporta.com\\\/ca\\\/#website\",\"url\":\"https:\\\/\\\/pescaporta.com\\\/ca\\\/\",\"name\":\"Pescaporta\",\"description\":\"\",\"publisher\":{\"@id\":\"https:\\\/\\\/pescaporta.com\\\/ca\\\/#organization\"},\"potentialAction\":[{\"@type\":\"SearchAction\",\"target\":{\"@type\":\"EntryPoint\",\"urlTemplate\":\"https:\\\/\\\/pescaporta.com\\\/ca\\\/?s={search_term_string}\"},\"query-input\":{\"@type\":\"PropertyValueSpecification\",\"valueRequired\":true,\"valueName\":\"search_term_string\"}}],\"inLanguage\":\"ca\"},{\"@type\":\"Organization\",\"@id\":\"https:\\\/\\\/pescaporta.com\\\/ca\\\/#organization\",\"name\":\"Pescaporta\",\"url\":\"https:\\\/\\\/pescaporta.com\\\/ca\\\/\",\"logo\":{\"@type\":\"ImageObject\",\"inLanguage\":\"ca\",\"@id\":\"https:\\\/\\\/pescaporta.com\\\/ca\\\/#\\\/schema\\\/logo\\\/image\\\/\",\"url\":\"https:\\\/\\\/pescaporta.com\\\/wp-content\\\/uploads\\\/2023\\\/06\\\/logo-footer.png\",\"contentUrl\":\"https:\\\/\\\/pescaporta.com\\\/wp-content\\\/uploads\\\/2023\\\/06\\\/logo-footer.png\",\"width\":172,\"height\":171,\"caption\":\"Pescaporta\"},\"image\":{\"@id\":\"https:\\\/\\\/pescaporta.com\\\/ca\\\/#\\\/schema\\\/logo\\\/image\\\/\"}}]}<\/script>\n<!-- \/ Yoast SEO plugin. -->","yoast_head_json":{"title":"Conserves - Pescaporta","robots":{"index":"index","follow":"follow","max-snippet":"max-snippet:-1","max-image-preview":"max-image-preview:large","max-video-preview":"max-video-preview:-1"},"canonical":"https:\/\/pescaporta.com\/ca\/productes\/conserves\/","og_locale":"ca_ES","og_type":"article","og_title":"Conserves - Pescaporta","og_description":"Les conserves de peix s\u00f3n tot un cl\u00e0ssic de la gastronomia mediterr\u00e0nia: musclos, clo\u00efsses, escopinyes, navalles, tonyina, anxoves, bon\u00edtol, arengada, cavalla, sardines... En escabetx, en oli d\u2019oliva o al natural s\u00f3n una bona manera de consumir peix i beneficiar-nos dels nutrients que ens aporten.Conserves de peix i mariscLes conserves de peix s\u00f3n un gran encert [&hellip;]","og_url":"https:\/\/pescaporta.com\/ca\/productes\/conserves\/","og_site_name":"Pescaporta","article_modified_time":"2023-06-27T06:08:49+00:00","twitter_card":"summary_large_image","twitter_misc":{"Temps estimat de lectura":"6 minuts"},"schema":{"@context":"https:\/\/schema.org","@graph":[{"@type":"WebPage","@id":"https:\/\/pescaporta.com\/ca\/productes\/conserves\/","url":"https:\/\/pescaporta.com\/ca\/productes\/conserves\/","name":"Conserves - Pescaporta","isPartOf":{"@id":"https:\/\/pescaporta.com\/ca\/#website"},"datePublished":"2023-06-26T09:56:44+00:00","dateModified":"2023-06-27T06:08:49+00:00","breadcrumb":{"@id":"https:\/\/pescaporta.com\/ca\/productes\/conserves\/#breadcrumb"},"inLanguage":"ca","potentialAction":[{"@type":"ReadAction","target":["https:\/\/pescaporta.com\/ca\/productes\/conserves\/"]}]},{"@type":"BreadcrumbList","@id":"https:\/\/pescaporta.com\/ca\/productes\/conserves\/#breadcrumb","itemListElement":[{"@type":"ListItem","position":1,"name":"Portada","item":"https:\/\/pescaporta.com\/ca\/"},{"@type":"ListItem","position":2,"name":"Productes","item":"https:\/\/pescaporta.com\/ca\/productes\/"},{"@type":"ListItem","position":3,"name":"Conserves"}]},{"@type":"WebSite","@id":"https:\/\/pescaporta.com\/ca\/#website","url":"https:\/\/pescaporta.com\/ca\/","name":"Pescaporta","description":"","publisher":{"@id":"https:\/\/pescaporta.com\/ca\/#organization"},"potentialAction":[{"@type":"SearchAction","target":{"@type":"EntryPoint","urlTemplate":"https:\/\/pescaporta.com\/ca\/?s={search_term_string}"},"query-input":{"@type":"PropertyValueSpecification","valueRequired":true,"valueName":"search_term_string"}}],"inLanguage":"ca"},{"@type":"Organization","@id":"https:\/\/pescaporta.com\/ca\/#organization","name":"Pescaporta","url":"https:\/\/pescaporta.com\/ca\/","logo":{"@type":"ImageObject","inLanguage":"ca","@id":"https:\/\/pescaporta.com\/ca\/#\/schema\/logo\/image\/","url":"https:\/\/pescaporta.com\/wp-content\/uploads\/2023\/06\/logo-footer.png","contentUrl":"https:\/\/pescaporta.com\/wp-content\/uploads\/2023\/06\/logo-footer.png","width":172,"height":171,"caption":"Pescaporta"},"image":{"@id":"https:\/\/pescaporta.com\/ca\/#\/schema\/logo\/image\/"}}]}},"_links":{"self":[{"href":"https:\/\/pescaporta.com\/ca\/wp-json\/wp\/v2\/pages\/641","targetHints":{"allow":["GET"]}}],"collection":[{"href":"https:\/\/pescaporta.com\/ca\/wp-json\/wp\/v2\/pages"}],"about":[{"href":"https:\/\/pescaporta.com\/ca\/wp-json\/wp\/v2\/types\/page"}],"author":[{"embeddable":true,"href":"https:\/\/pescaporta.com\/ca\/wp-json\/wp\/v2\/users\/1"}],"replies":[{"embeddable":true,"href":"https:\/\/pescaporta.com\/ca\/wp-json\/wp\/v2\/comments?post=641"}],"version-history":[{"count":4,"href":"https:\/\/pescaporta.com\/ca\/wp-json\/wp\/v2\/pages\/641\/revisions"}],"predecessor-version":[{"id":728,"href":"https:\/\/pescaporta.com\/ca\/wp-json\/wp\/v2\/pages\/641\/revisions\/728"}],"up":[{"embeddable":true,"href":"https:\/\/pescaporta.com\/ca\/wp-json\/wp\/v2\/pages\/662"}],"wp:attachment":[{"href":"https:\/\/pescaporta.com\/ca\/wp-json\/wp\/v2\/media?parent=641"}],"curies":[{"name":"wp","href":"https:\/\/api.w.org\/{rel}","templated":true}]}}