{"id":647,"date":"2023-06-26T11:55:57","date_gmt":"2023-06-26T09:55:57","guid":{"rendered":"https:\/\/pescaporta.com\/pesca-salada\/"},"modified":"2024-02-20T13:42:24","modified_gmt":"2024-02-20T12:42:24","slug":"pesca-salada","status":"publish","type":"page","link":"https:\/\/pescaporta.com\/ca\/productes\/pesca-salada\/","title":{"rendered":"Pesca salada"},"content":{"rendered":"<p>[et_pb_section fb_built=&#8221;1&#8243; _builder_version=&#8221;4.21.0&#8243; _module_preset=&#8221;default&#8221; background_color=&#8221;rgba(0,16,102,0.1)&#8221; global_colors_info=&#8221;{}&#8221;][et_pb_row _builder_version=&#8221;4.21.0&#8243; _module_preset=&#8221;default&#8221; global_colors_info=&#8221;{}&#8221;][et_pb_column type=&#8221;4_4&#8243; _builder_version=&#8221;4.21.0&#8243; _module_preset=&#8221;default&#8221; global_colors_info=&#8221;{}&#8221;][et_pb_text _builder_version=&#8221;4.21.0&#8243; _dynamic_attributes=&#8221;content&#8221; _module_preset=&#8221;default&#8221; header_text_align=&#8221;center&#8221; custom_margin=&#8221;||20px||false|false&#8221; global_colors_info=&#8221;{}&#8221;]@ET-DC@eyJkeW5hbWljIjp0cnVlLCJjb250ZW50IjoicG9zdF90aXRsZSIsInNldHRpbmdzIjp7ImJlZm9yZSI6IjxoMT4iLCJhZnRlciI6IjxcL2gxPiJ9fQ==@[\/et_pb_text][et_pb_text _builder_version=&#8221;4.21.0&#8243; _module_preset=&#8221;default&#8221; text_orientation=&#8221;center&#8221; max_width=&#8221;950px&#8221; module_alignment=&#8221;center&#8221; global_colors_info=&#8221;{}&#8221;]Des de l\u2019antiguitat la <strong>pesca salada<\/strong> i la sala\u00f3 s\u2019ha fet servir per a conservar els aliments en sal, especialment el peix blau com l\u2019arengada, la sardina o l\u2019anxova, els productes estrella juntament amb el bacall\u00e0.[\/et_pb_text][\/et_pb_column][\/et_pb_row][et_pb_row use_custom_gutter=&#8221;on&#8221; gutter_width=&#8221;2&#8243; make_equal=&#8221;on&#8221; _builder_version=&#8221;4.21.0&#8243; _module_preset=&#8221;default&#8221; custom_padding=&#8221;20px||||false|false&#8221; global_colors_info=&#8221;{}&#8221;][et_pb_column type=&#8221;4_4&#8243; _builder_version=&#8221;4.21.0&#8243; _module_preset=&#8221;default&#8221; global_colors_info=&#8221;{}&#8221;][et_pb_image src=&#8221;https:\/\/pescaporta.com\/wp-content\/uploads\/2023\/06\/Sardinas_Salazon_pescaporta.jpg&#8221; title_text=&#8221;Sardinas_Salazon_pescaporta&#8221; align=&#8221;center&#8221; _builder_version=&#8221;4.21.0&#8243; _module_preset=&#8221;default&#8221; global_colors_info=&#8221;{}&#8221;][\/et_pb_image][\/et_pb_column][\/et_pb_row][et_pb_row _builder_version=&#8221;4.21.0&#8243; _module_preset=&#8221;default&#8221; custom_padding=&#8221;20px||||false|false&#8221; global_colors_info=&#8221;{}&#8221;][et_pb_column type=&#8221;4_4&#8243; _builder_version=&#8221;4.21.0&#8243; _module_preset=&#8221;default&#8221; global_colors_info=&#8221;{}&#8221;][et_pb_button button_url=&#8221;https:\/\/pescaporta.com\/tienda\/ca\/4-pesca-salada&#8221; button_text=&#8221;Comprar pesca salada online&#8221; _builder_version=&#8221;4.24.1&#8243; _module_preset=&#8221;9b967ee2-d9f8-4364-a5bd-063a6e32cc0e&#8221; hover_enabled=&#8221;0&#8243; global_colors_info=&#8221;{}&#8221; sticky_enabled=&#8221;0&#8243;][\/et_pb_button][\/et_pb_column][\/et_pb_row][\/et_pb_section][et_pb_section fb_built=&#8221;1&#8243; _builder_version=&#8221;4.21.0&#8243; _module_preset=&#8221;default&#8221; custom_padding=&#8221;0px||0px||false|false&#8221; global_colors_info=&#8221;{}&#8221;][et_pb_row column_structure=&#8221;1_2,1_2&#8243; use_custom_gutter=&#8221;on&#8221; gutter_width=&#8221;1&#8243; make_equal=&#8221;on&#8221; module_class=&#8221;col-full-text-left&#8221; _builder_version=&#8221;4.21.0&#8243; _module_preset=&#8221;default&#8221; width=&#8221;100%&#8221; max_width=&#8221;100%&#8221; custom_padding=&#8221;0px||0px||false|false&#8221; global_colors_info=&#8221;{}&#8221;][et_pb_column type=&#8221;1_2&#8243; _builder_version=&#8221;4.21.0&#8243; _module_preset=&#8221;default&#8221; custom_padding=&#8221;100px|38px|100px||false|false&#8221; custom_padding_tablet=&#8221;80px|0px|60px||false|false&#8221; custom_padding_phone=&#8221;70px||40px||false|false&#8221; custom_padding_last_edited=&#8221;on|phone&#8221; global_colors_info=&#8221;{}&#8221;][et_pb_text _builder_version=&#8221;4.21.0&#8243; _module_preset=&#8221;default&#8221; max_width_tablet=&#8221;80%&#8221; max_width_phone=&#8221;80%&#8221; max_width_last_edited=&#8221;on|tablet&#8221; module_alignment=&#8221;center&#8221; custom_margin=&#8221;||20px||false|false&#8221; global_colors_info=&#8221;{}&#8221;]<\/p>\n<h2 class=\"h1\">Pesca salada i sala\u00f3<\/h2>\n<p>[\/et_pb_text][et_pb_text _builder_version=&#8221;4.21.0&#8243; _module_preset=&#8221;default&#8221; max_width_tablet=&#8221;80%&#8221; max_width_phone=&#8221;80%&#8221; max_width_last_edited=&#8221;on|tablet&#8221; module_alignment=&#8221;center&#8221; global_colors_info=&#8221;{}&#8221;]<\/p>\n<p class=\"p16\">En les salaons de peix, la sal augmenta la vida \u00fatil dels productes de la pesca i en retarda l\u2019alteraci\u00f3. A m\u00e9s de la reducci\u00f3 del contingut d&#8217;aigua de l&#8217;aliment, impedeix el desenvolupament de g\u00e8rmens pat\u00f2gens. El proc\u00e9s de salat es pot dur a terme en sec, amb l&#8217;aliment en contacte directe amb sal o introduint-lo en una salmorra.<\/p>\n<p class=\"p16\">Molt apreciada en la cuina tradicional, actualment la pesca salada s\u2019ha convertit pr\u00e0cticament en una <em>delicatessen<\/em> perqu\u00e8 confereix unes aromes i sabors finals especialment apreciats pels consumidors.<\/p>\n<p class=\"p16\">Un dels grans avantatges \u00e9s que dels peixos conservats en sal podem gaudir-ne tot l\u2019any. Els peixos m\u00e9s habituals que se sotmeten a salat s\u00f3n: sardines, arengades, bacall\u00e0, abadejo, seit\u00f3 i tonyina.<\/p>\n<p class=\"p16\">Per a <strong>consumir<\/strong> aquest tipus de peixos, es treu de la sal, es renta b\u00e9 i s&#8217;asseca (i en el cas del bacall\u00e0, cal posar-lo en remull durant hores).<\/p>\n<p class=\"p16\">La <strong>tonyina<\/strong> conservada en sal, un cop dessalada, com el <strong>bacall\u00e0<\/strong>, \u00e9s m\u00e9s saborosa (ideal per a xatonades i amanides). L\u2019<strong>arengada<\/strong> salada (sardina de casco) \u00e9s un peix blau delici\u00f3s tant cru i conservat en oli com a la brasa. La <strong>sardina<\/strong> salada \u00e9s m\u00e9s saborosa que la fresca; el punt saladet li dona un gust caracter\u00edstic.<\/p>\n<p>[\/et_pb_text][\/et_pb_column][et_pb_column type=&#8221;1_2&#8243; _builder_version=&#8221;4.21.0&#8243; _module_preset=&#8221;default&#8221; background_image=&#8221;https:\/\/pescaporta.com\/wp-content\/uploads\/2023\/06\/Sardinas_Salazon_pescaporta_1.jpg&#8221; global_colors_info=&#8221;{}&#8221;][et_pb_image src=&#8221;https:\/\/pescaporta.com\/wp-content\/uploads\/2023\/06\/Sardinas_Salazon_pescaporta_1.jpg&#8221; title_text=&#8221;Sardinas_Salazon_pescaporta_1&#8243; align=&#8221;center&#8221; disabled_on=&#8221;off|off|on&#8221; _builder_version=&#8221;4.21.0&#8243; _module_preset=&#8221;default&#8221; global_colors_info=&#8221;{}&#8221;][\/et_pb_image][\/et_pb_column][\/et_pb_row][\/et_pb_section][et_pb_section fb_built=&#8221;1&#8243; custom_padding_last_edited=&#8221;on|phone&#8221; _builder_version=&#8221;4.21.0&#8243; _module_preset=&#8221;default&#8221; background_color=&#8221;rgba(0,16,102,0.1)&#8221; custom_padding=&#8221;66px||66px||true|false&#8221; custom_padding_tablet=&#8221;46px||46px||true|false&#8221; custom_padding_phone=&#8221;36px||36px||true|false&#8221; global_colors_info=&#8221;{}&#8221;][et_pb_row _builder_version=&#8221;4.21.0&#8243; _module_preset=&#8221;default&#8221; custom_padding=&#8221;||0px||false|false&#8221; global_colors_info=&#8221;{}&#8221;][et_pb_column type=&#8221;4_4&#8243; _builder_version=&#8221;4.21.0&#8243; _module_preset=&#8221;default&#8221; global_colors_info=&#8221;{}&#8221;][et_pb_text _builder_version=&#8221;4.21.0&#8243; _module_preset=&#8221;default&#8221; header_2_text_align=&#8221;center&#8221; max_width=&#8221;990px&#8221; module_alignment=&#8221;center&#8221; custom_margin=&#8221;||20px||false|false&#8221; global_colors_info=&#8221;{}&#8221;]<\/p>\n<h2 class=\"h1\">Descobreix les nostres exquisides salaons de peix a la botiga en l\u00ednia<\/h2>\n<p>[\/et_pb_text][et_pb_text _builder_version=&#8221;4.21.0&#8243; _module_preset=&#8221;default&#8221; text_orientation=&#8221;center&#8221; max_width=&#8221;990px&#8221; module_alignment=&#8221;center&#8221; global_colors_info=&#8221;{}&#8221;]<\/p>\n<p>Et portem la millor pesca salada a casa o a la feina. Fes la comanda en l\u00ednia i rebr\u00e0s l\u2019enc\u00e0rrec en menys de 48 hores! Gaudeix dels millors productes!<\/p>\n<p>[\/et_pb_text][et_pb_code _builder_version=&#8221;4.21.0&#8243; _module_preset=&#8221;default&#8221; global_colors_info=&#8221;{}&#8221;]<\/p>\n<div class=\"an_advantages-list\"><!-- [et_pb_line_break_holder] -->\t<\/p>\n<div class=\"an_advantages-item\"><!-- [et_pb_line_break_holder] -->  \t<\/p>\n<div class=\"an_advantages-item-img\"><!-- [et_pb_line_break_holder] -->    \t<img decoding=\"async\" src=\"\/tienda\/modules\/an_advantages\/img\/78b96729774220c699a4f01bc9b51faf.png\" width=\"auto\" height=\"auto\" alt=\"Env\u00edo gratuito\"><!-- [et_pb_line_break_holder] -->    <\/div>\n<p><!-- [et_pb_line_break_holder] -->    <\/p>\n<div class=\"an_advantages-item-desc\"><!-- [et_pb_line_break_holder] -->    \t<pee class=\"an_advantages-item-title h5\">Enviament gratu\u00eft<\/pee><!-- [et_pb_line_break_holder] -->      <pee>a partir de 70 \u20ac<\/pee><!-- [et_pb_line_break_holder] -->    <\/div>\n<p><!-- [et_pb_line_break_holder] -->  <\/div>\n<p><!-- [et_pb_line_break_holder] -->  <\/p>\n<div class=\"an_advantages-item\"><!-- [et_pb_line_break_holder] -->\t\t<\/p>\n<div class=\"an_advantages-item-img\"><!-- [et_pb_line_break_holder] -->    \t<img decoding=\"async\" src=\"\/tienda\/modules\/an_advantages\/img\/ab0660318da80ff7fb1fb2ddf9e32a04.png\" width=\"auto\" height=\"auto\" alt=\"Encargos en menos de 48 horas \"><!-- [et_pb_line_break_holder] -->    <\/div>\n<p><!-- [et_pb_line_break_holder] -->    <\/p>\n<div class=\"an_advantages-item-desc\"><!-- [et_pb_line_break_holder] -->    \t<pee class=\"an_advantages-item-title h5\">Enc\u00e0rrecs en menys de 48 hores<\/pee><!-- [et_pb_line_break_holder] -->    <\/div>\n<p><!-- [et_pb_line_break_holder] -->  <\/div>\n<div class=\"an_advantages-item\"><!-- [et_pb_line_break_holder] -->  \t<\/p>\n<div class=\"an_advantages-item-img\"><!-- [et_pb_line_break_holder] -->    \t<img decoding=\"async\" src=\"\/tienda\/modules\/an_advantages\/img\/4f86edc062135dde429f611538def0b3.png\" width=\"auto\" height=\"auto\" alt=\"Custodia de fr\u00edo\"><!-- [et_pb_line_break_holder] -->    <\/div>\n<p><!-- [et_pb_line_break_holder] -->    <\/p>\n<div class=\"an_advantages-item-desc\"><!-- [et_pb_line_break_holder] -->    \t<pee class=\"an_advantages-item-title h5\">Cust\u00f2dia de fred<\/pee><!-- [et_pb_line_break_holder] -->      <pee>Enviament refrigerat<\/pee><!-- [et_pb_line_break_holder] -->    <\/div>\n<p><!-- [et_pb_line_break_holder] -->  <\/div>\n<p><!-- [et_pb_line_break_holder] -->  <\/p>\n<div class=\"an_advantages-item\"><!-- [et_pb_line_break_holder] -->  \t<\/p>\n<div class=\"an_advantages-item-img\"><!-- [et_pb_line_break_holder] -->      <img decoding=\"async\" src=\"\/tienda\/modules\/an_advantages\/img\/9caff2aba95a5343599cc908e98ab036.png\" width=\"auto\" height=\"auto\" alt=\"M\u00e1xima calidad\"><!-- [et_pb_line_break_holder] -->    <\/div>\n<p><!-- [et_pb_line_break_holder] -->    <\/p>\n<div class=\"an_advantages-item-desc\"><!-- [et_pb_line_break_holder] -->    \t<pee class=\"an_advantages-item-title h5\">M\u00e0xima qualitat<\/pee><!-- [et_pb_line_break_holder] -->      <pee>El millor g\u00e8nere<\/pee><!-- [et_pb_line_break_holder] -->    <\/div>\n<p><!-- [et_pb_line_break_holder] -->  <\/div>\n<p><!-- [et_pb_line_break_holder] -->  <\/p>\n<div class=\"an_advantages-item\"><!-- [et_pb_line_break_holder] -->  \t<\/p>\n<div class=\"an_advantages-item-img\"><!-- [et_pb_line_break_holder] -->    \t<img decoding=\"async\" src=\"\/tienda\/modules\/an_advantages\/img\/9d933717170956245527b8705f2327b4.png\" width=\"auto\" height=\"auto\" alt=\"Pescado limpio y envasado a tu gusto\"><!-- [et_pb_line_break_holder] -->    <\/div>\n<p><!-- [et_pb_line_break_holder] -->    <\/p>\n<div class=\"an_advantages-item-desc\"><!-- [et_pb_line_break_holder] -->    \t<pee class=\"an_advantages-item-title h5\">Peix net i envasat al teu gust!<\/pee><!-- [et_pb_line_break_holder] -->    <\/div>\n<p><!-- [et_pb_line_break_holder] -->  <\/div>\n<p><!-- [et_pb_line_break_holder] --><\/div>\n<p>[\/et_pb_code][\/et_pb_column][\/et_pb_row][\/et_pb_section]<\/p>\n","protected":false},"excerpt":{"rendered":"<p>Des de l\u2019antiguitat la pesca salada i la sala\u00f3 s\u2019ha fet servir per a conservar els aliments en sal, especialment el peix blau com l\u2019arengada, la sardina o l\u2019anxova, els productes estrella juntament amb el bacall\u00e0.Pesca salada i sala\u00f3En les salaons de peix, la sal augmenta la vida \u00fatil dels productes de la pesca i [&hellip;]<\/p>\n","protected":false},"author":1,"featured_media":0,"parent":662,"menu_order":0,"comment_status":"closed","ping_status":"closed","template":"","meta":{"_et_pb_use_builder":"on","_et_pb_old_content":"","_et_gb_content_width":"","footnotes":""},"class_list":["post-647","page","type-page","status-publish","hentry"],"yoast_head":"<!-- This site is optimized with the Yoast SEO plugin v27.5 - https:\/\/yoast.com\/product\/yoast-seo-wordpress\/ -->\n<title>Pesca salada - Pescaporta<\/title>\n<meta name=\"robots\" content=\"index, follow, max-snippet:-1, max-image-preview:large, max-video-preview:-1\" \/>\n<link rel=\"canonical\" href=\"https:\/\/pescaporta.com\/ca\/productes\/pesca-salada\/\" \/>\n<meta property=\"og:locale\" content=\"ca_ES\" \/>\n<meta property=\"og:type\" content=\"article\" \/>\n<meta property=\"og:title\" content=\"Pesca salada - Pescaporta\" \/>\n<meta property=\"og:description\" content=\"Des de l\u2019antiguitat la pesca salada i la sala\u00f3 s\u2019ha fet servir per a conservar els aliments en sal, especialment el peix blau com l\u2019arengada, la sardina o l\u2019anxova, els productes estrella juntament amb el bacall\u00e0.Pesca salada i sala\u00f3En les salaons de peix, la sal augmenta la vida \u00fatil dels productes de la pesca i [&hellip;]\" \/>\n<meta property=\"og:url\" content=\"https:\/\/pescaporta.com\/ca\/productes\/pesca-salada\/\" \/>\n<meta property=\"og:site_name\" content=\"Pescaporta\" \/>\n<meta property=\"article:modified_time\" content=\"2024-02-20T12:42:24+00:00\" \/>\n<meta name=\"twitter:card\" content=\"summary_large_image\" \/>\n<meta name=\"twitter:label1\" content=\"Temps estimat de lectura\" \/>\n\t<meta name=\"twitter:data1\" content=\"5 minuts\" \/>\n<script type=\"application\/ld+json\" class=\"yoast-schema-graph\">{\"@context\":\"https:\\\/\\\/schema.org\",\"@graph\":[{\"@type\":\"WebPage\",\"@id\":\"https:\\\/\\\/pescaporta.com\\\/ca\\\/productes\\\/pesca-salada\\\/\",\"url\":\"https:\\\/\\\/pescaporta.com\\\/ca\\\/productes\\\/pesca-salada\\\/\",\"name\":\"Pesca salada - Pescaporta\",\"isPartOf\":{\"@id\":\"https:\\\/\\\/pescaporta.com\\\/ca\\\/#website\"},\"datePublished\":\"2023-06-26T09:55:57+00:00\",\"dateModified\":\"2024-02-20T12:42:24+00:00\",\"breadcrumb\":{\"@id\":\"https:\\\/\\\/pescaporta.com\\\/ca\\\/productes\\\/pesca-salada\\\/#breadcrumb\"},\"inLanguage\":\"ca\",\"potentialAction\":[{\"@type\":\"ReadAction\",\"target\":[\"https:\\\/\\\/pescaporta.com\\\/ca\\\/productes\\\/pesca-salada\\\/\"]}]},{\"@type\":\"BreadcrumbList\",\"@id\":\"https:\\\/\\\/pescaporta.com\\\/ca\\\/productes\\\/pesca-salada\\\/#breadcrumb\",\"itemListElement\":[{\"@type\":\"ListItem\",\"position\":1,\"name\":\"Portada\",\"item\":\"https:\\\/\\\/pescaporta.com\\\/ca\\\/\"},{\"@type\":\"ListItem\",\"position\":2,\"name\":\"Productes\",\"item\":\"https:\\\/\\\/pescaporta.com\\\/ca\\\/productes\\\/\"},{\"@type\":\"ListItem\",\"position\":3,\"name\":\"Pesca salada\"}]},{\"@type\":\"WebSite\",\"@id\":\"https:\\\/\\\/pescaporta.com\\\/ca\\\/#website\",\"url\":\"https:\\\/\\\/pescaporta.com\\\/ca\\\/\",\"name\":\"Pescaporta\",\"description\":\"\",\"publisher\":{\"@id\":\"https:\\\/\\\/pescaporta.com\\\/ca\\\/#organization\"},\"potentialAction\":[{\"@type\":\"SearchAction\",\"target\":{\"@type\":\"EntryPoint\",\"urlTemplate\":\"https:\\\/\\\/pescaporta.com\\\/ca\\\/?s={search_term_string}\"},\"query-input\":{\"@type\":\"PropertyValueSpecification\",\"valueRequired\":true,\"valueName\":\"search_term_string\"}}],\"inLanguage\":\"ca\"},{\"@type\":\"Organization\",\"@id\":\"https:\\\/\\\/pescaporta.com\\\/ca\\\/#organization\",\"name\":\"Pescaporta\",\"url\":\"https:\\\/\\\/pescaporta.com\\\/ca\\\/\",\"logo\":{\"@type\":\"ImageObject\",\"inLanguage\":\"ca\",\"@id\":\"https:\\\/\\\/pescaporta.com\\\/ca\\\/#\\\/schema\\\/logo\\\/image\\\/\",\"url\":\"https:\\\/\\\/pescaporta.com\\\/wp-content\\\/uploads\\\/2023\\\/06\\\/logo-footer.png\",\"contentUrl\":\"https:\\\/\\\/pescaporta.com\\\/wp-content\\\/uploads\\\/2023\\\/06\\\/logo-footer.png\",\"width\":172,\"height\":171,\"caption\":\"Pescaporta\"},\"image\":{\"@id\":\"https:\\\/\\\/pescaporta.com\\\/ca\\\/#\\\/schema\\\/logo\\\/image\\\/\"}}]}<\/script>\n<!-- \/ Yoast SEO plugin. -->","yoast_head_json":{"title":"Pesca salada - Pescaporta","robots":{"index":"index","follow":"follow","max-snippet":"max-snippet:-1","max-image-preview":"max-image-preview:large","max-video-preview":"max-video-preview:-1"},"canonical":"https:\/\/pescaporta.com\/ca\/productes\/pesca-salada\/","og_locale":"ca_ES","og_type":"article","og_title":"Pesca salada - Pescaporta","og_description":"Des de l\u2019antiguitat la pesca salada i la sala\u00f3 s\u2019ha fet servir per a conservar els aliments en sal, especialment el peix blau com l\u2019arengada, la sardina o l\u2019anxova, els productes estrella juntament amb el bacall\u00e0.Pesca salada i sala\u00f3En les salaons de peix, la sal augmenta la vida \u00fatil dels productes de la pesca i [&hellip;]","og_url":"https:\/\/pescaporta.com\/ca\/productes\/pesca-salada\/","og_site_name":"Pescaporta","article_modified_time":"2024-02-20T12:42:24+00:00","twitter_card":"summary_large_image","twitter_misc":{"Temps estimat de lectura":"5 minuts"},"schema":{"@context":"https:\/\/schema.org","@graph":[{"@type":"WebPage","@id":"https:\/\/pescaporta.com\/ca\/productes\/pesca-salada\/","url":"https:\/\/pescaporta.com\/ca\/productes\/pesca-salada\/","name":"Pesca salada - Pescaporta","isPartOf":{"@id":"https:\/\/pescaporta.com\/ca\/#website"},"datePublished":"2023-06-26T09:55:57+00:00","dateModified":"2024-02-20T12:42:24+00:00","breadcrumb":{"@id":"https:\/\/pescaporta.com\/ca\/productes\/pesca-salada\/#breadcrumb"},"inLanguage":"ca","potentialAction":[{"@type":"ReadAction","target":["https:\/\/pescaporta.com\/ca\/productes\/pesca-salada\/"]}]},{"@type":"BreadcrumbList","@id":"https:\/\/pescaporta.com\/ca\/productes\/pesca-salada\/#breadcrumb","itemListElement":[{"@type":"ListItem","position":1,"name":"Portada","item":"https:\/\/pescaporta.com\/ca\/"},{"@type":"ListItem","position":2,"name":"Productes","item":"https:\/\/pescaporta.com\/ca\/productes\/"},{"@type":"ListItem","position":3,"name":"Pesca salada"}]},{"@type":"WebSite","@id":"https:\/\/pescaporta.com\/ca\/#website","url":"https:\/\/pescaporta.com\/ca\/","name":"Pescaporta","description":"","publisher":{"@id":"https:\/\/pescaporta.com\/ca\/#organization"},"potentialAction":[{"@type":"SearchAction","target":{"@type":"EntryPoint","urlTemplate":"https:\/\/pescaporta.com\/ca\/?s={search_term_string}"},"query-input":{"@type":"PropertyValueSpecification","valueRequired":true,"valueName":"search_term_string"}}],"inLanguage":"ca"},{"@type":"Organization","@id":"https:\/\/pescaporta.com\/ca\/#organization","name":"Pescaporta","url":"https:\/\/pescaporta.com\/ca\/","logo":{"@type":"ImageObject","inLanguage":"ca","@id":"https:\/\/pescaporta.com\/ca\/#\/schema\/logo\/image\/","url":"https:\/\/pescaporta.com\/wp-content\/uploads\/2023\/06\/logo-footer.png","contentUrl":"https:\/\/pescaporta.com\/wp-content\/uploads\/2023\/06\/logo-footer.png","width":172,"height":171,"caption":"Pescaporta"},"image":{"@id":"https:\/\/pescaporta.com\/ca\/#\/schema\/logo\/image\/"}}]}},"_links":{"self":[{"href":"https:\/\/pescaporta.com\/ca\/wp-json\/wp\/v2\/pages\/647","targetHints":{"allow":["GET"]}}],"collection":[{"href":"https:\/\/pescaporta.com\/ca\/wp-json\/wp\/v2\/pages"}],"about":[{"href":"https:\/\/pescaporta.com\/ca\/wp-json\/wp\/v2\/types\/page"}],"author":[{"embeddable":true,"href":"https:\/\/pescaporta.com\/ca\/wp-json\/wp\/v2\/users\/1"}],"replies":[{"embeddable":true,"href":"https:\/\/pescaporta.com\/ca\/wp-json\/wp\/v2\/comments?post=647"}],"version-history":[{"count":10,"href":"https:\/\/pescaporta.com\/ca\/wp-json\/wp\/v2\/pages\/647\/revisions"}],"predecessor-version":[{"id":1079,"href":"https:\/\/pescaporta.com\/ca\/wp-json\/wp\/v2\/pages\/647\/revisions\/1079"}],"up":[{"embeddable":true,"href":"https:\/\/pescaporta.com\/ca\/wp-json\/wp\/v2\/pages\/662"}],"wp:attachment":[{"href":"https:\/\/pescaporta.com\/ca\/wp-json\/wp\/v2\/media?parent=647"}],"curies":[{"name":"wp","href":"https:\/\/api.w.org\/{rel}","templated":true}]}}