{"id":653,"date":"2023-06-26T11:57:06","date_gmt":"2023-06-26T09:57:06","guid":{"rendered":"https:\/\/pescaporta.com\/productes-congelats\/"},"modified":"2023-06-26T17:12:29","modified_gmt":"2023-06-26T15:12:29","slug":"productes-congelats","status":"publish","type":"page","link":"https:\/\/pescaporta.com\/ca\/productes\/productes-congelats\/","title":{"rendered":"Productes congelats"},"content":{"rendered":"<p>[et_pb_section fb_built=&#8221;1&#8243; _builder_version=&#8221;4.21.0&#8243; _module_preset=&#8221;default&#8221; background_color=&#8221;rgba(0,16,102,0.1)&#8221; global_colors_info=&#8221;{}&#8221;][et_pb_row _builder_version=&#8221;4.21.0&#8243; _module_preset=&#8221;default&#8221; global_colors_info=&#8221;{}&#8221;][et_pb_column type=&#8221;4_4&#8243; _builder_version=&#8221;4.21.0&#8243; _module_preset=&#8221;default&#8221; global_colors_info=&#8221;{}&#8221;][et_pb_text _builder_version=&#8221;4.21.0&#8243; _dynamic_attributes=&#8221;content&#8221; _module_preset=&#8221;default&#8221; header_text_align=&#8221;center&#8221; custom_margin=&#8221;||20px||false|false&#8221; global_colors_info=&#8221;{}&#8221;]@ET-DC@eyJkeW5hbWljIjp0cnVlLCJjb250ZW50IjoicG9zdF90aXRsZSIsInNldHRpbmdzIjp7ImJlZm9yZSI6IjxoMT4iLCJhZnRlciI6IjxcL2gxPiJ9fQ==@[\/et_pb_text][et_pb_text _builder_version=&#8221;4.21.0&#8243; _module_preset=&#8221;default&#8221; text_orientation=&#8221;center&#8221; max_width=&#8221;950px&#8221; module_alignment=&#8221;center&#8221; hover_enabled=&#8221;0&#8243; global_colors_info=&#8221;{}&#8221; sticky_enabled=&#8221;0&#8243;]<\/p>\n<p>El nostre cat\u00e0leg de productes congelats inclou una \u00e0mplia varietat d&#8217;opcions, des d&#8217;aperitius, verdures i patates fins a peix i marisc congelat, carns, pa i brioixeria, precuinats, gelats o postres. A m\u00e9s, et portem les \u00faltimes novetats en productes congelats de primeres marques.<\/p>\n<p>[\/et_pb_text][\/et_pb_column][\/et_pb_row][et_pb_row column_structure=&#8221;1_3,1_3,1_3&#8243; use_custom_gutter=&#8221;on&#8221; gutter_width=&#8221;2&#8243; make_equal=&#8221;on&#8221; _builder_version=&#8221;4.21.0&#8243; _module_preset=&#8221;default&#8221; custom_padding=&#8221;20px||||false|false&#8221; global_colors_info=&#8221;{}&#8221;][et_pb_column type=&#8221;1_3&#8243; _builder_version=&#8221;4.21.0&#8243; _module_preset=&#8221;default&#8221; global_colors_info=&#8221;{}&#8221;][et_pb_image src=&#8221;https:\/\/pescaporta.com\/wp-content\/uploads\/2023\/06\/pescaporta-popets.jpg&#8221; title_text=&#8221;pescaporta-popets&#8221; align=&#8221;center&#8221; _builder_version=&#8221;4.21.0&#8243; _module_preset=&#8221;default&#8221; global_colors_info=&#8221;{}&#8221;][\/et_pb_image][\/et_pb_column][et_pb_column type=&#8221;1_3&#8243; _builder_version=&#8221;4.21.0&#8243; _module_preset=&#8221;default&#8221; global_colors_info=&#8221;{}&#8221;][et_pb_image src=&#8221;https:\/\/pescaporta.com\/wp-content\/uploads\/2023\/06\/pescaporta-llobarro.jpg&#8221; title_text=&#8221;pescaporta-llobarro&#8221; align=&#8221;center&#8221; _builder_version=&#8221;4.21.0&#8243; _module_preset=&#8221;default&#8221; global_colors_info=&#8221;{}&#8221;][\/et_pb_image][\/et_pb_column][et_pb_column type=&#8221;1_3&#8243; _builder_version=&#8221;4.21.0&#8243; _module_preset=&#8221;default&#8221; global_colors_info=&#8221;{}&#8221;][et_pb_image src=&#8221;https:\/\/pescaporta.com\/wp-content\/uploads\/2023\/06\/pescaporta-tallarina.jpg&#8221; title_text=&#8221;pescaporta-tallarina&#8221; align=&#8221;center&#8221; _builder_version=&#8221;4.21.0&#8243; _module_preset=&#8221;default&#8221; global_colors_info=&#8221;{}&#8221;][\/et_pb_image][\/et_pb_column][\/et_pb_row][et_pb_row _builder_version=&#8221;4.21.0&#8243; _module_preset=&#8221;default&#8221; custom_padding=&#8221;20px||||false|false&#8221; global_colors_info=&#8221;{}&#8221;][et_pb_column type=&#8221;4_4&#8243; _builder_version=&#8221;4.21.0&#8243; _module_preset=&#8221;default&#8221; global_colors_info=&#8221;{}&#8221;][et_pb_button button_url=&#8221;https:\/\/shop.pescaporta.com\/ca\/3-peix-fresc-&#8221; button_text=&#8221;Comprar productes congelats online&#8221; _builder_version=&#8221;4.21.0&#8243; _module_preset=&#8221;9b967ee2-d9f8-4364-a5bd-063a6e32cc0e&#8221; hover_enabled=&#8221;0&#8243; global_colors_info=&#8221;{}&#8221; disabled_on=&#8221;on|on|on&#8221; disabled=&#8221;on&#8221; sticky_enabled=&#8221;0&#8243;][\/et_pb_button][\/et_pb_column][\/et_pb_row][\/et_pb_section][et_pb_section fb_built=&#8221;1&#8243; _builder_version=&#8221;4.21.0&#8243; _module_preset=&#8221;default&#8221; custom_padding=&#8221;0px||0px||false|false&#8221; global_colors_info=&#8221;{}&#8221;][et_pb_row column_structure=&#8221;1_2,1_2&#8243; use_custom_gutter=&#8221;on&#8221; gutter_width=&#8221;1&#8243; make_equal=&#8221;on&#8221; module_class=&#8221;col-full-text-left&#8221; _builder_version=&#8221;4.21.0&#8243; _module_preset=&#8221;default&#8221; width=&#8221;100%&#8221; max_width=&#8221;100%&#8221; custom_padding=&#8221;0px||0px||false|false&#8221; global_colors_info=&#8221;{}&#8221;][et_pb_column type=&#8221;1_2&#8243; _builder_version=&#8221;4.21.0&#8243; _module_preset=&#8221;default&#8221; custom_padding=&#8221;100px|38px|100px||false|false&#8221; custom_padding_tablet=&#8221;80px|0px|60px||false|false&#8221; custom_padding_phone=&#8221;70px||40px||false|false&#8221; custom_padding_last_edited=&#8221;on|phone&#8221; global_colors_info=&#8221;{}&#8221;][et_pb_text _builder_version=&#8221;4.21.0&#8243; _module_preset=&#8221;default&#8221; max_width_tablet=&#8221;80%&#8221; max_width_phone=&#8221;80%&#8221; max_width_last_edited=&#8221;on|tablet&#8221; module_alignment=&#8221;center&#8221; custom_margin=&#8221;||20px||false|false&#8221; hover_enabled=&#8221;0&#8243; global_colors_info=&#8221;{}&#8221; sticky_enabled=&#8221;0&#8243;]<\/p>\n<h2 class=\"h1\">Cat\u00e0leg de productes congelats<\/h2>\n<p>[\/et_pb_text][et_pb_text _builder_version=&#8221;4.21.0&#8243; _module_preset=&#8221;default&#8221; max_width_tablet=&#8221;80%&#8221; max_width_phone=&#8221;80%&#8221; max_width_last_edited=&#8221;on|tablet&#8221; module_alignment=&#8221;center&#8221; hover_enabled=&#8221;0&#8243; global_colors_info=&#8221;{}&#8221; sticky_enabled=&#8221;0&#8243;]<\/p>\n<p class=\"p16\">A Pescaporta disposem d\u2019una selecci\u00f3 de <strong>productes congelats<\/strong> per a satisfer les demandes dels nostres clients, tant professionals com particulars.<\/p>\n<p class=\"p16\">Des de Pescaporta seleccionem productes ultracongelats de marques que garanteixen la m\u00e0xima frescor i qualitat al moment de cuinar-los i servir-los. Ens esforcem per a oferir una \u00e0mplia varietat d&#8217;opcions en aliments d\u2019alta qualitat a preus raonables, tant per a hostaleria com per a particulars.<\/p>\n<p class=\"p16\">Si est\u00e0s buscant una opci\u00f3 convenient i saludable per als teus \u00e0pats, consulta el nostre cat\u00e0leg per a descobrir l\u2019\u00e0mplia selecci\u00f3 de productes congelats gurmet que t\u2019oferim. Tria els productes que millor s&#8217;adaptin als teus gustos i necessitats, des de plats precuinats pr\u00e0ctics per a dinars o sopars d\u2019\u00faltima hora fins a delicioses postres per acabar un \u00e0pat especial amb bon gust. <\/p>\n<p class=\"p16\">Els or\u00edgens dels nostres productes congelats marquen l&#8217;est\u00e0ndard de qualitat m\u00e9s elevat per als clients m\u00e9s exigents i la ultracongelaci\u00f3 mant\u00e9 intactes tots els valors nutricionals i el millor sabor per endur-se&#8217;l a la boca.<\/p>\n<p class=\"p16\">Dins la nostra gamma de productes congelats tamb\u00e9 trobar\u00e0s productes congelats per a persones amb <strong>intoler\u00e0ncies aliment\u00e0ries<\/strong>, com ara productes sense gluten aptes per a cel\u00edacs o productes sense traces de fruita seca. A m\u00e9s de productes vegans i vegetarians.<\/p>\n<p class=\"p16\">Garantim la tra\u00e7abilitat i el control de la temperatura dels productes congelats des de l\u2019origen fins a l\u2019entrega final. Gaudeix dels nostres congelats com si fossin frescos.<\/p>\n<p class=\"p16\">Disposem d\u2019un ampli cat\u00e0leg de peix congelat i productes alimentaris de qualitat per a elaborar els teus millors men\u00fas.<\/p>\n<p class=\"p16\"><em>*Per a comandes de productes congelats, contacta amb nosaltres a trav\u00e9s del whatsapp 626 414 424 o del correu electr\u00f2nic shop@pescaporta.com<\/em><\/p>\n<p>[\/et_pb_text][\/et_pb_column][et_pb_column type=&#8221;1_2&#8243; _builder_version=&#8221;4.21.0&#8243; _module_preset=&#8221;default&#8221; background_image=&#8221;https:\/\/pescaporta.com\/wp-content\/uploads\/2023\/06\/pescado-marisco.jpg&#8221; global_colors_info=&#8221;{}&#8221;][et_pb_image src=&#8221;https:\/\/pescaporta.com\/wp-content\/uploads\/2023\/06\/pescado-marisco.jpg&#8221; title_text=&#8221;pescado-marisco&#8221; align=&#8221;center&#8221; disabled_on=&#8221;off|off|on&#8221; _builder_version=&#8221;4.21.0&#8243; _module_preset=&#8221;default&#8221; global_colors_info=&#8221;{}&#8221;][\/et_pb_image][\/et_pb_column][\/et_pb_row][\/et_pb_section]<\/p>\n","protected":false},"excerpt":{"rendered":"<p>El nostre cat\u00e0leg de productes congelats inclou una \u00e0mplia varietat d&#8217;opcions, des d&#8217;aperitius, verdures i patates fins a peix i marisc congelat, carns, pa i brioixeria, precuinats, gelats o postres. A m\u00e9s, et portem les \u00faltimes novetats en productes congelats de primeres marques.Cat\u00e0leg de productes congelatsA Pescaporta disposem d\u2019una selecci\u00f3 de productes congelats per a [&hellip;]<\/p>\n","protected":false},"author":1,"featured_media":0,"parent":662,"menu_order":0,"comment_status":"closed","ping_status":"closed","template":"","meta":{"_et_pb_use_builder":"on","_et_pb_old_content":"","_et_gb_content_width":"","footnotes":""},"class_list":["post-653","page","type-page","status-publish","hentry"],"yoast_head":"<!-- This site is optimized with the Yoast SEO plugin v27.5 - https:\/\/yoast.com\/product\/yoast-seo-wordpress\/ -->\n<title>Productes congelats - Pescaporta<\/title>\n<meta name=\"robots\" content=\"index, follow, max-snippet:-1, max-image-preview:large, max-video-preview:-1\" \/>\n<link rel=\"canonical\" href=\"https:\/\/pescaporta.com\/ca\/productes\/productes-congelats\/\" \/>\n<meta property=\"og:locale\" content=\"ca_ES\" \/>\n<meta property=\"og:type\" content=\"article\" \/>\n<meta property=\"og:title\" content=\"Productes congelats - Pescaporta\" \/>\n<meta property=\"og:description\" content=\"El nostre cat\u00e0leg de productes congelats inclou una \u00e0mplia varietat d&#039;opcions, des d&#039;aperitius, verdures i patates fins a peix i marisc congelat, carns, pa i brioixeria, precuinats, gelats o postres. A m\u00e9s, et portem les \u00faltimes novetats en productes congelats de primeres marques.Cat\u00e0leg de productes congelatsA Pescaporta disposem d\u2019una selecci\u00f3 de productes congelats per a [&hellip;]\" \/>\n<meta property=\"og:url\" content=\"https:\/\/pescaporta.com\/ca\/productes\/productes-congelats\/\" \/>\n<meta property=\"og:site_name\" content=\"Pescaporta\" \/>\n<meta property=\"article:modified_time\" content=\"2023-06-26T15:12:29+00:00\" \/>\n<meta name=\"twitter:card\" content=\"summary_large_image\" \/>\n<meta name=\"twitter:label1\" content=\"Temps estimat de lectura\" \/>\n\t<meta name=\"twitter:data1\" content=\"5 minuts\" \/>\n<script type=\"application\/ld+json\" class=\"yoast-schema-graph\">{\"@context\":\"https:\\\/\\\/schema.org\",\"@graph\":[{\"@type\":\"WebPage\",\"@id\":\"https:\\\/\\\/pescaporta.com\\\/ca\\\/productes\\\/productes-congelats\\\/\",\"url\":\"https:\\\/\\\/pescaporta.com\\\/ca\\\/productes\\\/productes-congelats\\\/\",\"name\":\"Productes congelats - Pescaporta\",\"isPartOf\":{\"@id\":\"https:\\\/\\\/pescaporta.com\\\/ca\\\/#website\"},\"datePublished\":\"2023-06-26T09:57:06+00:00\",\"dateModified\":\"2023-06-26T15:12:29+00:00\",\"breadcrumb\":{\"@id\":\"https:\\\/\\\/pescaporta.com\\\/ca\\\/productes\\\/productes-congelats\\\/#breadcrumb\"},\"inLanguage\":\"ca\",\"potentialAction\":[{\"@type\":\"ReadAction\",\"target\":[\"https:\\\/\\\/pescaporta.com\\\/ca\\\/productes\\\/productes-congelats\\\/\"]}]},{\"@type\":\"BreadcrumbList\",\"@id\":\"https:\\\/\\\/pescaporta.com\\\/ca\\\/productes\\\/productes-congelats\\\/#breadcrumb\",\"itemListElement\":[{\"@type\":\"ListItem\",\"position\":1,\"name\":\"Portada\",\"item\":\"https:\\\/\\\/pescaporta.com\\\/ca\\\/\"},{\"@type\":\"ListItem\",\"position\":2,\"name\":\"Productes congelats\"}]},{\"@type\":\"WebSite\",\"@id\":\"https:\\\/\\\/pescaporta.com\\\/ca\\\/#website\",\"url\":\"https:\\\/\\\/pescaporta.com\\\/ca\\\/\",\"name\":\"Pescaporta\",\"description\":\"\",\"publisher\":{\"@id\":\"https:\\\/\\\/pescaporta.com\\\/ca\\\/#organization\"},\"potentialAction\":[{\"@type\":\"SearchAction\",\"target\":{\"@type\":\"EntryPoint\",\"urlTemplate\":\"https:\\\/\\\/pescaporta.com\\\/ca\\\/?s={search_term_string}\"},\"query-input\":{\"@type\":\"PropertyValueSpecification\",\"valueRequired\":true,\"valueName\":\"search_term_string\"}}],\"inLanguage\":\"ca\"},{\"@type\":\"Organization\",\"@id\":\"https:\\\/\\\/pescaporta.com\\\/ca\\\/#organization\",\"name\":\"Pescaporta\",\"url\":\"https:\\\/\\\/pescaporta.com\\\/ca\\\/\",\"logo\":{\"@type\":\"ImageObject\",\"inLanguage\":\"ca\",\"@id\":\"https:\\\/\\\/pescaporta.com\\\/ca\\\/#\\\/schema\\\/logo\\\/image\\\/\",\"url\":\"https:\\\/\\\/pescaporta.com\\\/wp-content\\\/uploads\\\/2023\\\/06\\\/logo-footer.png\",\"contentUrl\":\"https:\\\/\\\/pescaporta.com\\\/wp-content\\\/uploads\\\/2023\\\/06\\\/logo-footer.png\",\"width\":172,\"height\":171,\"caption\":\"Pescaporta\"},\"image\":{\"@id\":\"https:\\\/\\\/pescaporta.com\\\/ca\\\/#\\\/schema\\\/logo\\\/image\\\/\"}}]}<\/script>\n<!-- \/ Yoast SEO plugin. -->","yoast_head_json":{"title":"Productes congelats - Pescaporta","robots":{"index":"index","follow":"follow","max-snippet":"max-snippet:-1","max-image-preview":"max-image-preview:large","max-video-preview":"max-video-preview:-1"},"canonical":"https:\/\/pescaporta.com\/ca\/productes\/productes-congelats\/","og_locale":"ca_ES","og_type":"article","og_title":"Productes congelats - Pescaporta","og_description":"El nostre cat\u00e0leg de productes congelats inclou una \u00e0mplia varietat d'opcions, des d'aperitius, verdures i patates fins a peix i marisc congelat, carns, pa i brioixeria, precuinats, gelats o postres. A m\u00e9s, et portem les \u00faltimes novetats en productes congelats de primeres marques.Cat\u00e0leg de productes congelatsA Pescaporta disposem d\u2019una selecci\u00f3 de productes congelats per a [&hellip;]","og_url":"https:\/\/pescaporta.com\/ca\/productes\/productes-congelats\/","og_site_name":"Pescaporta","article_modified_time":"2023-06-26T15:12:29+00:00","twitter_card":"summary_large_image","twitter_misc":{"Temps estimat de lectura":"5 minuts"},"schema":{"@context":"https:\/\/schema.org","@graph":[{"@type":"WebPage","@id":"https:\/\/pescaporta.com\/ca\/productes\/productes-congelats\/","url":"https:\/\/pescaporta.com\/ca\/productes\/productes-congelats\/","name":"Productes congelats - Pescaporta","isPartOf":{"@id":"https:\/\/pescaporta.com\/ca\/#website"},"datePublished":"2023-06-26T09:57:06+00:00","dateModified":"2023-06-26T15:12:29+00:00","breadcrumb":{"@id":"https:\/\/pescaporta.com\/ca\/productes\/productes-congelats\/#breadcrumb"},"inLanguage":"ca","potentialAction":[{"@type":"ReadAction","target":["https:\/\/pescaporta.com\/ca\/productes\/productes-congelats\/"]}]},{"@type":"BreadcrumbList","@id":"https:\/\/pescaporta.com\/ca\/productes\/productes-congelats\/#breadcrumb","itemListElement":[{"@type":"ListItem","position":1,"name":"Portada","item":"https:\/\/pescaporta.com\/ca\/"},{"@type":"ListItem","position":2,"name":"Productes congelats"}]},{"@type":"WebSite","@id":"https:\/\/pescaporta.com\/ca\/#website","url":"https:\/\/pescaporta.com\/ca\/","name":"Pescaporta","description":"","publisher":{"@id":"https:\/\/pescaporta.com\/ca\/#organization"},"potentialAction":[{"@type":"SearchAction","target":{"@type":"EntryPoint","urlTemplate":"https:\/\/pescaporta.com\/ca\/?s={search_term_string}"},"query-input":{"@type":"PropertyValueSpecification","valueRequired":true,"valueName":"search_term_string"}}],"inLanguage":"ca"},{"@type":"Organization","@id":"https:\/\/pescaporta.com\/ca\/#organization","name":"Pescaporta","url":"https:\/\/pescaporta.com\/ca\/","logo":{"@type":"ImageObject","inLanguage":"ca","@id":"https:\/\/pescaporta.com\/ca\/#\/schema\/logo\/image\/","url":"https:\/\/pescaporta.com\/wp-content\/uploads\/2023\/06\/logo-footer.png","contentUrl":"https:\/\/pescaporta.com\/wp-content\/uploads\/2023\/06\/logo-footer.png","width":172,"height":171,"caption":"Pescaporta"},"image":{"@id":"https:\/\/pescaporta.com\/ca\/#\/schema\/logo\/image\/"}}]}},"_links":{"self":[{"href":"https:\/\/pescaporta.com\/ca\/wp-json\/wp\/v2\/pages\/653","targetHints":{"allow":["GET"]}}],"collection":[{"href":"https:\/\/pescaporta.com\/ca\/wp-json\/wp\/v2\/pages"}],"about":[{"href":"https:\/\/pescaporta.com\/ca\/wp-json\/wp\/v2\/types\/page"}],"author":[{"embeddable":true,"href":"https:\/\/pescaporta.com\/ca\/wp-json\/wp\/v2\/users\/1"}],"replies":[{"embeddable":true,"href":"https:\/\/pescaporta.com\/ca\/wp-json\/wp\/v2\/comments?post=653"}],"version-history":[{"count":2,"href":"https:\/\/pescaporta.com\/ca\/wp-json\/wp\/v2\/pages\/653\/revisions"}],"predecessor-version":[{"id":655,"href":"https:\/\/pescaporta.com\/ca\/wp-json\/wp\/v2\/pages\/653\/revisions\/655"}],"up":[{"embeddable":true,"href":"https:\/\/pescaporta.com\/ca\/wp-json\/wp\/v2\/pages\/662"}],"wp:attachment":[{"href":"https:\/\/pescaporta.com\/ca\/wp-json\/wp\/v2\/media?parent=653"}],"curies":[{"name":"wp","href":"https:\/\/api.w.org\/{rel}","templated":true}]}}