{"id":662,"date":"2023-06-26T11:53:15","date_gmt":"2023-06-26T09:53:15","guid":{"rendered":"https:\/\/pescaporta.com\/productes\/"},"modified":"2023-07-07T11:56:48","modified_gmt":"2023-07-07T09:56:48","slug":"productes","status":"publish","type":"page","link":"https:\/\/pescaporta.com\/ca\/productes\/","title":{"rendered":"Productes"},"content":{"rendered":"<p>[et_pb_section fb_built=&#8221;1&#8243; custom_padding_last_edited=&#8221;on|desktop&#8221; _builder_version=&#8221;4.21.0&#8243; _module_preset=&#8221;default&#8221; background_color=&#8221;rgba(0,16,102,0.1)&#8221; custom_padding_tablet=&#8221;50px||50px||true|false&#8221; custom_padding_phone=&#8221;40px||40px||true|false&#8221; global_colors_info=&#8221;{}&#8221;][et_pb_row _builder_version=&#8221;4.21.0&#8243; _module_preset=&#8221;default&#8221; global_colors_info=&#8221;{}&#8221;][et_pb_column type=&#8221;4_4&#8243; _builder_version=&#8221;4.21.0&#8243; _module_preset=&#8221;default&#8221; global_colors_info=&#8221;{}&#8221;][et_pb_text _builder_version=&#8221;4.21.0&#8243; _module_preset=&#8221;default&#8221; header_text_align=&#8221;center&#8221; custom_margin=&#8221;||10px||false|false&#8221; global_colors_info=&#8221;{}&#8221;]<\/p>\n<h1>Els nostres productes<\/h1>\n<p>[\/et_pb_text][et_pb_text _builder_version=&#8221;4.21.0&#8243; _module_preset=&#8221;default&#8221; text_orientation=&#8221;center&#8221; max_width=&#8221;950px&#8221; module_alignment=&#8221;center&#8221; global_colors_info=&#8221;{}&#8221;]A Pescaporta disposem d&#8217;un ampli cat\u00e0leg de productes alimentaris amb la millor relaci\u00f3 qualitat-preu tant per al canal horeca com per a particulars: peix fresc, peix congelat, plats precuinats, postres, gelats i productes km 0 amb totes les garanties.[\/et_pb_text][\/et_pb_column][\/et_pb_row][et_pb_row column_structure=&#8221;1_3,1_3,1_3&#8243; use_custom_gutter=&#8221;on&#8221; gutter_width=&#8221;2&#8243; module_class=&#8221;home__categories&#8221; _builder_version=&#8221;4.21.0&#8243; _module_preset=&#8221;default&#8221; custom_padding=&#8221;20px||30px||false|false&#8221; locked=&#8221;off&#8221; global_colors_info=&#8221;{}&#8221;][et_pb_column type=&#8221;1_3&#8243; _builder_version=&#8221;4.21.0&#8243; _module_preset=&#8221;default&#8221; global_colors_info=&#8221;{}&#8221;][et_pb_blurb image=&#8221;https:\/\/pescaporta.com\/wp-content\/uploads\/2023\/07\/4.jpg&#8221; admin_label=&#8221;Pescado fresco&#8221; _builder_version=&#8221;4.21.0&#8243; _dynamic_attributes=&#8221;link_option_url&#8221; _module_preset=&#8221;default&#8221; body_font=&#8221;|700|||||||&#8221; body_text_align=&#8221;center&#8221; body_text_color=&#8221;#001066&#8243; body_font_size=&#8221;24px&#8221; background_enable_color=&#8221;off&#8221; background_blend=&#8221;multiply&#8221; animation=&#8221;off&#8221; link_option_url=&#8221;@ET-DC@eyJkeW5hbWljIjp0cnVlLCJjb250ZW50IjoicG9zdF9saW5rX3VybF9wYWdlIiwic2V0dGluZ3MiOnsicG9zdF9pZCI6IjQ5MyJ9fQ==@&#8221; hover_enabled=&#8221;0&#8243; global_colors_info=&#8221;{}&#8221; title_text=&#8221;4&#8243; sticky_enabled=&#8221;0&#8243;]<\/p>\n<p>Peix fresc<\/p>\n<p>[\/et_pb_blurb][et_pb_blurb image=&#8221;https:\/\/pescaporta.com\/wp-content\/uploads\/2023\/07\/2.jpg&#8221; admin_label=&#8221;Conservas&#8221; _builder_version=&#8221;4.21.0&#8243; _dynamic_attributes=&#8221;link_option_url&#8221; _module_preset=&#8221;default&#8221; body_font=&#8221;|700|||||||&#8221; body_text_align=&#8221;center&#8221; body_text_color=&#8221;#001066&#8243; body_font_size=&#8221;24px&#8221; background_enable_color=&#8221;off&#8221; background_blend=&#8221;multiply&#8221; animation=&#8221;off&#8221; link_option_url=&#8221;@ET-DC@eyJkeW5hbWljIjp0cnVlLCJjb250ZW50IjoicG9zdF9saW5rX3VybF9wYWdlIiwic2V0dGluZ3MiOnsicG9zdF9pZCI6IjQ5OSJ9fQ==@&#8221; global_colors_info=&#8221;{}&#8221;]<\/p>\n<p>Conserves<\/p>\n<p>[\/et_pb_blurb][\/et_pb_column][et_pb_column type=&#8221;1_3&#8243; _builder_version=&#8221;4.21.0&#8243; _module_preset=&#8221;default&#8221; global_colors_info=&#8221;{}&#8221;][et_pb_blurb image=&#8221;https:\/\/pescaporta.com\/wp-content\/uploads\/2023\/07\/5.jpg&#8221; admin_label=&#8221;Pesca salada&#8221; _builder_version=&#8221;4.21.0&#8243; _dynamic_attributes=&#8221;link_option_url&#8221; _module_preset=&#8221;default&#8221; body_font=&#8221;|700|||||||&#8221; body_text_align=&#8221;center&#8221; body_text_color=&#8221;#001066&#8243; body_font_size=&#8221;24px&#8221; background_enable_color=&#8221;off&#8221; background_blend=&#8221;multiply&#8221; animation=&#8221;off&#8221; link_option_url=&#8221;@ET-DC@eyJkeW5hbWljIjp0cnVlLCJjb250ZW50IjoicG9zdF9saW5rX3VybF9wYWdlIiwic2V0dGluZ3MiOnsicG9zdF9pZCI6IjQ5NSJ9fQ==@&#8221; hover_enabled=&#8221;0&#8243; global_colors_info=&#8221;{}&#8221; title_text=&#8221;5&#8243; sticky_enabled=&#8221;0&#8243;]<\/p>\n<p>Pesca salada<\/p>\n<p>[\/et_pb_blurb][et_pb_blurb image=&#8221;https:\/\/pescaporta.com\/wp-content\/uploads\/2023\/07\/3.jpg&#8221; admin_label=&#8221;Congelados&#8221; _builder_version=&#8221;4.21.0&#8243; _module_preset=&#8221;default&#8221; body_font=&#8221;|700|||||||&#8221; body_text_align=&#8221;center&#8221; body_text_color=&#8221;#001066&#8243; body_font_size=&#8221;24px&#8221; background_enable_color=&#8221;off&#8221; background_blend=&#8221;multiply&#8221; animation=&#8221;off&#8221; global_colors_info=&#8221;{}&#8221;]<\/p>\n<p>Productes congelats<\/p>\n<p>[\/et_pb_blurb][\/et_pb_column][et_pb_column type=&#8221;1_3&#8243; _builder_version=&#8221;4.21.0&#8243; _module_preset=&#8221;default&#8221; global_colors_info=&#8221;{}&#8221;][et_pb_blurb image=&#8221;https:\/\/pescaporta.com\/wp-content\/uploads\/2023\/07\/6.jpg&#8221; admin_label=&#8221;km 0&#8243; _builder_version=&#8221;4.21.0&#8243; _dynamic_attributes=&#8221;link_option_url&#8221; _module_preset=&#8221;default&#8221; body_font=&#8221;|700|||||||&#8221; body_text_align=&#8221;center&#8221; body_text_color=&#8221;#001066&#8243; body_font_size=&#8221;24px&#8221; background_enable_color=&#8221;off&#8221; background_blend=&#8221;multiply&#8221; animation=&#8221;off&#8221; link_option_url=&#8221;@ET-DC@eyJkeW5hbWljIjp0cnVlLCJjb250ZW50IjoicG9zdF9saW5rX3VybF9wYWdlIiwic2V0dGluZ3MiOnsicG9zdF9pZCI6IjQ5NyJ9fQ==@&#8221; hover_enabled=&#8221;0&#8243; global_colors_info=&#8221;{}&#8221; title_text=&#8221;6&#8243; sticky_enabled=&#8221;0&#8243;]<\/p>\n<p>Productes km 0<\/p>\n<p>[\/et_pb_blurb][et_pb_blurb image=&#8221;https:\/\/pescaporta.com\/wp-content\/uploads\/2023\/07\/1.jpg&#8221; admin_label=&#8221;Soluciones cocina&#8221; _builder_version=&#8221;4.21.0&#8243; _module_preset=&#8221;default&#8221; body_font=&#8221;|700|||||||&#8221; body_text_align=&#8221;center&#8221; body_text_color=&#8221;#001066&#8243; body_font_size=&#8221;24px&#8221; background_enable_color=&#8221;off&#8221; background_blend=&#8221;multiply&#8221; animation=&#8221;off&#8221; global_colors_info=&#8221;{}&#8221;]<\/p>\n<p>Solucions de cuina<\/p>\n<p>[\/et_pb_blurb][\/et_pb_column][\/et_pb_row][et_pb_row _builder_version=&#8221;4.21.0&#8243; _module_preset=&#8221;default&#8221; custom_padding=&#8221;10px||||false|false&#8221; global_colors_info=&#8221;{}&#8221;][et_pb_column type=&#8221;4_4&#8243; _builder_version=&#8221;4.21.0&#8243; _module_preset=&#8221;default&#8221; global_colors_info=&#8221;{}&#8221;][et_pb_button button_url=&#8221;https:\/\/pescaporta.com\/tienda\/ca\/&#8221; button_text=&#8221;Anar a la botiga en l\u00ednia&#8221; _builder_version=&#8221;4.21.0&#8243; _module_preset=&#8221;9b967ee2-d9f8-4364-a5bd-063a6e32cc0e&#8221; global_colors_info=&#8221;{}&#8221;][\/et_pb_button][\/et_pb_column][\/et_pb_row][\/et_pb_section][et_pb_section fb_built=&#8221;1&#8243; custom_padding_last_edited=&#8221;on|desktop&#8221; _builder_version=&#8221;4.21.0&#8243; _module_preset=&#8221;default&#8221; background_enable_color=&#8221;off&#8221; custom_padding_tablet=&#8221;50px||50px||true|false&#8221; custom_padding_phone=&#8221;40px||40px||true|false&#8221; global_colors_info=&#8221;{}&#8221;][et_pb_row _builder_version=&#8221;4.21.0&#8243; _module_preset=&#8221;default&#8221; global_colors_info=&#8221;{}&#8221;][et_pb_column type=&#8221;4_4&#8243; _builder_version=&#8221;4.21.0&#8243; _module_preset=&#8221;default&#8221; global_colors_info=&#8221;{}&#8221;][et_pb_text _builder_version=&#8221;4.21.0&#8243; _module_preset=&#8221;default&#8221; header_text_align=&#8221;center&#8221; header_2_text_align=&#8221;center&#8221; custom_margin=&#8221;||10px||false|false&#8221; global_colors_info=&#8221;{}&#8221;]<\/p>\n<h2 class=\"h1\">Productes del mar frescos i de qualitat<\/h2>\n<p>[\/et_pb_text][et_pb_text _builder_version=&#8221;4.21.0&#8243; _module_preset=&#8221;default&#8221; text_font_size=&#8221;16px&#8221; text_orientation=&#8221;center&#8221; max_width=&#8221;920px&#8221; module_alignment=&#8221;center&#8221; global_colors_info=&#8221;{}&#8221;]<\/p>\n<p class=\"p16\">A Pescaporta t\u2019oferim una \u00e0mplia varietat de productes per elaborar els teus millors men\u00fas: productes del mar, aliments km 0, conserves o solucions de cuina d&#8217;alta qualitat que satisfaran els paladars m\u00e9s gurmet.<\/p>\n<p class=\"p16\">A m\u00e9s de portar-te a taula el peix m\u00e9s fresc i sabor\u00f3s directament de la llotja de la R\u00e0pita, tamb\u00e9 t\u2019oferim opcions de pesca salada, tot tipus de congelats o solucions culin\u00e0ries per estalviar-te temps i esfor\u00e7 sense sacrificar el sabor ni la qualitat.<\/p>\n<p class=\"p16\">Gaudeix de la nostra acurada selecci\u00f3 de productes alimentaris per satisfer les demandes dels nostres clients, tant professionals com particulars: marisc, cefal\u00f2podes, peix blanc, peix blau, tonyina Balfeg\u00f3, vins, olis, mel, melmelades, postres, cremes, sopes, salses, condiments&#8230; A m\u00e9s d&#8217;aliments congelats de tota mena: aperitius, verdures, patates, peix i marisc, carns, pa i brioixeria, precuinats, gelats, etc.<\/p>\n<p class=\"p16\">Dins de la nostra gamma de productes tamb\u00e9 trobar\u00e0s opcions per a persones amb intoler\u00e0ncies aliment\u00e0ries, com ara productes sense gluten aptes per a cel\u00edacs o productes sense traces de fruita seca, a m\u00e9s de productes vegans i vegetarians.<\/p>\n<p class=\"p16\">Explora el nostre cat\u00e0leg i descobreix el plaer d&#8217;assaborir el mar amb Pescaporta. El teu paladar t\u2019ho agrair\u00e0!<\/p>\n<p>[\/et_pb_text][\/et_pb_column][\/et_pb_row][\/et_pb_section]<\/p>\n","protected":false},"excerpt":{"rendered":"<p>Els nostres productesA Pescaporta disposem d&#8217;un ampli cat\u00e0leg de productes alimentaris amb la millor relaci\u00f3 qualitat-preu tant per al canal horeca com per a particulars: peix fresc, peix congelat, plats precuinats, postres, gelats i productes km 0 amb totes les garanties.Peix frescConservesPesca saladaProductes congelatsProductes km 0Solucions de cuinaProductes del mar frescos i de qualitatA Pescaporta [&hellip;]<\/p>\n","protected":false},"author":1,"featured_media":0,"parent":0,"menu_order":0,"comment_status":"closed","ping_status":"closed","template":"","meta":{"_et_pb_use_builder":"on","_et_pb_old_content":"","_et_gb_content_width":"","footnotes":""},"class_list":["post-662","page","type-page","status-publish","hentry"],"yoast_head":"<!-- This site is optimized with the Yoast SEO plugin v27.5 - https:\/\/yoast.com\/product\/yoast-seo-wordpress\/ -->\n<title>Productes - Pescaporta<\/title>\n<meta name=\"robots\" content=\"index, follow, max-snippet:-1, max-image-preview:large, max-video-preview:-1\" \/>\n<link rel=\"canonical\" href=\"https:\/\/pescaporta.com\/ca\/productes\/\" \/>\n<meta property=\"og:locale\" content=\"ca_ES\" \/>\n<meta property=\"og:type\" content=\"article\" \/>\n<meta property=\"og:title\" content=\"Productes - Pescaporta\" \/>\n<meta property=\"og:description\" content=\"Els nostres productesA Pescaporta disposem d&#039;un ampli cat\u00e0leg de productes alimentaris amb la millor relaci\u00f3 qualitat-preu tant per al canal horeca com per a particulars: peix fresc, peix congelat, plats precuinats, postres, gelats i productes km 0 amb totes les garanties.Peix frescConservesPesca saladaProductes congelatsProductes km 0Solucions de cuinaProductes del mar frescos i de qualitatA Pescaporta [&hellip;]\" \/>\n<meta property=\"og:url\" content=\"https:\/\/pescaporta.com\/ca\/productes\/\" \/>\n<meta property=\"og:site_name\" content=\"Pescaporta\" \/>\n<meta property=\"article:modified_time\" content=\"2023-07-07T09:56:48+00:00\" \/>\n<meta name=\"twitter:card\" content=\"summary_large_image\" \/>\n<meta name=\"twitter:label1\" content=\"Temps estimat de lectura\" \/>\n\t<meta name=\"twitter:data1\" content=\"5 minuts\" \/>\n<script type=\"application\/ld+json\" class=\"yoast-schema-graph\">{\"@context\":\"https:\\\/\\\/schema.org\",\"@graph\":[{\"@type\":\"WebPage\",\"@id\":\"https:\\\/\\\/pescaporta.com\\\/ca\\\/productes\\\/\",\"url\":\"https:\\\/\\\/pescaporta.com\\\/ca\\\/productes\\\/\",\"name\":\"Productes - Pescaporta\",\"isPartOf\":{\"@id\":\"https:\\\/\\\/pescaporta.com\\\/ca\\\/#website\"},\"datePublished\":\"2023-06-26T09:53:15+00:00\",\"dateModified\":\"2023-07-07T09:56:48+00:00\",\"breadcrumb\":{\"@id\":\"https:\\\/\\\/pescaporta.com\\\/ca\\\/productes\\\/#breadcrumb\"},\"inLanguage\":\"ca\",\"potentialAction\":[{\"@type\":\"ReadAction\",\"target\":[\"https:\\\/\\\/pescaporta.com\\\/ca\\\/productes\\\/\"]}]},{\"@type\":\"BreadcrumbList\",\"@id\":\"https:\\\/\\\/pescaporta.com\\\/ca\\\/productes\\\/#breadcrumb\",\"itemListElement\":[{\"@type\":\"ListItem\",\"position\":1,\"name\":\"Portada\",\"item\":\"https:\\\/\\\/pescaporta.com\\\/ca\\\/\"},{\"@type\":\"ListItem\",\"position\":2,\"name\":\"Productes\"}]},{\"@type\":\"WebSite\",\"@id\":\"https:\\\/\\\/pescaporta.com\\\/ca\\\/#website\",\"url\":\"https:\\\/\\\/pescaporta.com\\\/ca\\\/\",\"name\":\"Pescaporta\",\"description\":\"\",\"publisher\":{\"@id\":\"https:\\\/\\\/pescaporta.com\\\/ca\\\/#organization\"},\"potentialAction\":[{\"@type\":\"SearchAction\",\"target\":{\"@type\":\"EntryPoint\",\"urlTemplate\":\"https:\\\/\\\/pescaporta.com\\\/ca\\\/?s={search_term_string}\"},\"query-input\":{\"@type\":\"PropertyValueSpecification\",\"valueRequired\":true,\"valueName\":\"search_term_string\"}}],\"inLanguage\":\"ca\"},{\"@type\":\"Organization\",\"@id\":\"https:\\\/\\\/pescaporta.com\\\/ca\\\/#organization\",\"name\":\"Pescaporta\",\"url\":\"https:\\\/\\\/pescaporta.com\\\/ca\\\/\",\"logo\":{\"@type\":\"ImageObject\",\"inLanguage\":\"ca\",\"@id\":\"https:\\\/\\\/pescaporta.com\\\/ca\\\/#\\\/schema\\\/logo\\\/image\\\/\",\"url\":\"https:\\\/\\\/pescaporta.com\\\/wp-content\\\/uploads\\\/2023\\\/06\\\/logo-footer.png\",\"contentUrl\":\"https:\\\/\\\/pescaporta.com\\\/wp-content\\\/uploads\\\/2023\\\/06\\\/logo-footer.png\",\"width\":172,\"height\":171,\"caption\":\"Pescaporta\"},\"image\":{\"@id\":\"https:\\\/\\\/pescaporta.com\\\/ca\\\/#\\\/schema\\\/logo\\\/image\\\/\"}}]}<\/script>\n<!-- \/ Yoast SEO plugin. -->","yoast_head_json":{"title":"Productes - Pescaporta","robots":{"index":"index","follow":"follow","max-snippet":"max-snippet:-1","max-image-preview":"max-image-preview:large","max-video-preview":"max-video-preview:-1"},"canonical":"https:\/\/pescaporta.com\/ca\/productes\/","og_locale":"ca_ES","og_type":"article","og_title":"Productes - Pescaporta","og_description":"Els nostres productesA Pescaporta disposem d'un ampli cat\u00e0leg de productes alimentaris amb la millor relaci\u00f3 qualitat-preu tant per al canal horeca com per a particulars: peix fresc, peix congelat, plats precuinats, postres, gelats i productes km 0 amb totes les garanties.Peix frescConservesPesca saladaProductes congelatsProductes km 0Solucions de cuinaProductes del mar frescos i de qualitatA Pescaporta [&hellip;]","og_url":"https:\/\/pescaporta.com\/ca\/productes\/","og_site_name":"Pescaporta","article_modified_time":"2023-07-07T09:56:48+00:00","twitter_card":"summary_large_image","twitter_misc":{"Temps estimat de lectura":"5 minuts"},"schema":{"@context":"https:\/\/schema.org","@graph":[{"@type":"WebPage","@id":"https:\/\/pescaporta.com\/ca\/productes\/","url":"https:\/\/pescaporta.com\/ca\/productes\/","name":"Productes - Pescaporta","isPartOf":{"@id":"https:\/\/pescaporta.com\/ca\/#website"},"datePublished":"2023-06-26T09:53:15+00:00","dateModified":"2023-07-07T09:56:48+00:00","breadcrumb":{"@id":"https:\/\/pescaporta.com\/ca\/productes\/#breadcrumb"},"inLanguage":"ca","potentialAction":[{"@type":"ReadAction","target":["https:\/\/pescaporta.com\/ca\/productes\/"]}]},{"@type":"BreadcrumbList","@id":"https:\/\/pescaporta.com\/ca\/productes\/#breadcrumb","itemListElement":[{"@type":"ListItem","position":1,"name":"Portada","item":"https:\/\/pescaporta.com\/ca\/"},{"@type":"ListItem","position":2,"name":"Productes"}]},{"@type":"WebSite","@id":"https:\/\/pescaporta.com\/ca\/#website","url":"https:\/\/pescaporta.com\/ca\/","name":"Pescaporta","description":"","publisher":{"@id":"https:\/\/pescaporta.com\/ca\/#organization"},"potentialAction":[{"@type":"SearchAction","target":{"@type":"EntryPoint","urlTemplate":"https:\/\/pescaporta.com\/ca\/?s={search_term_string}"},"query-input":{"@type":"PropertyValueSpecification","valueRequired":true,"valueName":"search_term_string"}}],"inLanguage":"ca"},{"@type":"Organization","@id":"https:\/\/pescaporta.com\/ca\/#organization","name":"Pescaporta","url":"https:\/\/pescaporta.com\/ca\/","logo":{"@type":"ImageObject","inLanguage":"ca","@id":"https:\/\/pescaporta.com\/ca\/#\/schema\/logo\/image\/","url":"https:\/\/pescaporta.com\/wp-content\/uploads\/2023\/06\/logo-footer.png","contentUrl":"https:\/\/pescaporta.com\/wp-content\/uploads\/2023\/06\/logo-footer.png","width":172,"height":171,"caption":"Pescaporta"},"image":{"@id":"https:\/\/pescaporta.com\/ca\/#\/schema\/logo\/image\/"}}]}},"_links":{"self":[{"href":"https:\/\/pescaporta.com\/ca\/wp-json\/wp\/v2\/pages\/662","targetHints":{"allow":["GET"]}}],"collection":[{"href":"https:\/\/pescaporta.com\/ca\/wp-json\/wp\/v2\/pages"}],"about":[{"href":"https:\/\/pescaporta.com\/ca\/wp-json\/wp\/v2\/types\/page"}],"author":[{"embeddable":true,"href":"https:\/\/pescaporta.com\/ca\/wp-json\/wp\/v2\/users\/1"}],"replies":[{"embeddable":true,"href":"https:\/\/pescaporta.com\/ca\/wp-json\/wp\/v2\/comments?post=662"}],"version-history":[{"count":20,"href":"https:\/\/pescaporta.com\/ca\/wp-json\/wp\/v2\/pages\/662\/revisions"}],"predecessor-version":[{"id":1012,"href":"https:\/\/pescaporta.com\/ca\/wp-json\/wp\/v2\/pages\/662\/revisions\/1012"}],"wp:attachment":[{"href":"https:\/\/pescaporta.com\/ca\/wp-json\/wp\/v2\/media?parent=662"}],"curies":[{"name":"wp","href":"https:\/\/api.w.org\/{rel}","templated":true}]}}